{"id":19,"date":"2022-05-12T10:09:13","date_gmt":"2022-05-12T08:09:13","guid":{"rendered":"http:\/\/192.168.55.111\/sandbox\/?page_id=19"},"modified":"2022-07-04T16:22:45","modified_gmt":"2022-07-04T14:22:45","slug":"company","status":"publish","type":"page","link":"https:\/\/acphis.com\/de\/company\/","title":{"rendered":"Company &#8211; DE"},"content":{"rendered":"<div class=\"gb-container gb-container-38e2760c has-vertical-button\" id=\"Company\"><div class=\"gb-inside-container\">\n<div class=\"gb-container gb-container-688ec477\"><div class=\"gb-inside-container\">\n<div class=\"gb-grid-wrapper gb-grid-wrapper-3ac3dfe9\">\n<div class=\"gb-grid-column gb-grid-column-5c7ce936\"><div class=\"gb-container gb-container-5c7ce936\"><div class=\"gb-inside-container\">\n<div class=\"gb-container gb-container-7a50244d\"><div class=\"gb-inside-container\">\n\n<h1 class=\"gb-headline gb-headline-5c59963f gb-headline-text\">acphis<\/h1>\n\n<\/div><\/div>\n\n<div class=\"gb-container gb-container-d9ca3738\"><div class=\"gb-inside-container\">\n\n<div class=\"gb-headline gb-headline-03c69ff0 gb-headline-text\">Unternehmen<\/div>\n\n\n\n<h1 class=\"gb-headline gb-headline-760c0064 gb-headline-text\">Naturstoffe f\u00fcr anspruchsvollste Anwendungen<\/h1>\n\n\n\n<h2 class=\"gb-headline gb-headline-5e481f97 gb-headline-text\">in <strong>Life-Science<\/strong> und <strong>High-Tech<\/strong>.<\/h2>\n\n<\/div><\/div>\n<\/div><\/div><\/div>\n<\/div>\n<\/div><\/div>\n\n\n<h4 class=\"gb-headline gb-headline-899bff4e gb-headline-text is-vertical-button\"><mark style=\"background-color:rgba(0, 0, 0, 0)\" class=\"has-inline-color has-main-01-color\">efficient.<\/mark> clean technologies.<\/h4>\n\n<\/div><\/div>\n\n<div class=\"gb-container gb-container-8de7f814\" id=\"Introduction\"><div class=\"gb-inside-container\">\n\n<p class=\"gb-headline gb-headline-76dfb7b0 gb-headline-text\"><mark class=\"gb-highlight\">Von Pflanzen und anderen Organismen<\/mark> gebildete chemisch-organische Verbindungen &#8211; stellen leistungsf\u00e4hige und zukunftsf\u00e4hige Rohstoffe in der Bio\u00f6konomie dar.<br>Sie werden zuk\u00fcnftig anders hergestellt werden m\u00fcssen, als sie es oft noch nach traditionellen Verfahren werden: Intelligenter, individueller, ressourceneffizienter, gesellschaftlich vertr\u00e4glich und dennoch mit Blick auf die Wirtschaftlichkeit.  <br><br>Der Klimawandel und damit verbundene Herausforderungen, eine global zunehmende Fl\u00e4chen- und Ressourcenverknappung, der zunehmende Verlust von Arten,.. \u2013 die Rahmenbedingungen f\u00fcr die industrielle Gewinnung biobasierter Rohstoffe \u00e4ndern sich. Es bedarf neuer Ideen, Konzepte, Technologien.<br><br>Daran arbeiten wir. Passioniert, f\u00fcr eine lebenswerte Zukunft.<br><br><\/p>\n\n<\/div><\/div>\n\n<div class=\"gb-container gb-container-60b10041\"><div class=\"gb-inside-container\">\n\n<h3 class=\"gb-headline gb-headline-e40fe6b9 gb-headline-text\">Verwurzelt in Hamburg. Verzweigt in die Welt.<\/h3>\n\n\n\n<p class=\"gb-headline gb-headline-661a0955 gb-headline-text\">acphis wurde 2012 mit Sitz im Herzen des \u201ePinneberger Baumschullandes\u201c, einem der weltweit gr\u00f6\u00dften zusammenh\u00e4ngenden Produktionsgebiete f\u00fcr verholzende Pflanzen und einer einzigartigen Kulturlandschaft, gegr\u00fcndet.<br><br>Unser Standort liegt in der Metrolpolregion Hamburg und verschafft uns eine vorteilhafte logistische Infrastruktur und exzellente Erreichbarkeit internationaler M\u00e4rkte, sowie Zugriff auf ein leistungsf\u00e4higes lokales Umfeld f\u00fcr die Entwicklung, Be- und Verarbeitung nat\u00fcrlicher Roh- und Inhaltsstoffe.<br><br>Unsere Reichweite ist global. Unsere Partner und Kunden finden sich weltweit.<\/p>\n\n\n\n<figure class=\"gb-block-image gb-block-image-6605831e\"><img loading=\"lazy\" decoding=\"async\" width=\"1187\" height=\"641\" class=\"gb-image gb-image-6605831e\" src=\"https:\/\/acphis.com\/wp-content\/uploads\/acphis_company_world.png\" srcset=\"https:\/\/acphis.com\/wp-content\/uploads\/acphis_company_world.png 1187w, https:\/\/acphis.com\/wp-content\/uploads\/acphis_company_world-400x216.png 400w, https:\/\/acphis.com\/wp-content\/uploads\/acphis_company_world-768x415.png 768w\" sizes=\"(max-width: 1187px) 100vw, 1187px\" \/><\/figure>\n\n<\/div><\/div>\n\n<div class=\"gb-container gb-container-de782eb8\"><div class=\"gb-inside-container\">\n\n<h3 class=\"gb-headline gb-headline-24dd1d9b gb-headline-text\">Verantwortliches Handeln.<\/h3>\n\n\n\n<p class=\"gb-headline gb-headline-3e83b5b5 gb-headline-text\">Unsere Produkte werden genutzt, um Leben zu verbessern, zu erhalten, zu sch\u00fctzen. Sie sind ein Geschenk der Natur, eine Gabe weltweiter Diversit\u00e4t. Es liegt in unserer DNA diese zu sch\u00fctzen und zu bewahren.<br><br>Als Unternehmen agieren wir global und interkulturell. Wertsch\u00e4tzung und gegenseitiger Respekt bilden f\u00fcr uns die Grundlage f\u00fcr eine vertrauensvolle Zusammenarbeit mit unseren Stakeholdern und das Fundament f\u00fcr unseren Erfolg. Menschen akzeptieren wir so, wie sie einfach sind: Unterschiedlich und gleichwertig. Egal woher sie kommen, wie sie gestellt sind, woran sie glauben.<br><br>Unsere Prinzipien sind klar definiert und in Leitlinien gefasst, die unserem Gesch\u00e4ftsverhalten in Bezug auf Gesundheit &amp; Sicherheit, Umwelt, Compliance &amp; gesellschaftliche Verantwortung einen Rahmen geben und die wir permanent in den Mittelpunkt unseres Wirkens stellen &#8211; aus pers\u00f6nlicher \u00dcberzeugung und im Bewusstsein unserer Verantwortung und Gestaltungsm\u00f6glichkeiten.<\/p>\n\n\n\n<h3 class=\"gb-headline gb-headline-06557dde gb-headline-text\">Qualit\u00e4t.<\/h3>\n\n\n\n<p class=\"gb-headline gb-headline-1dda5d2d gb-headline-text\">Wir m\u00f6chten Erwartungen \u00fcbertreffen , in allen Belangen, egal ob regelm\u00e4\u00dfiger Support, anwendungsbezogener Beratung oder Unterst\u00fctzung bez\u00fcglich einer speziellen Anwendung.<br><br>Unser Qualit\u00e4tsmanagementsystem ist entsprechend ISO 9001 und GxP Standards ausgelegt und sichert eine hohe und gleichbleibende Qualit\u00e4t von Produkte und Leistungen.<\/p>\n\n\n\n<h1 class=\"gb-headline gb-headline-ce97f092 gb-headline-text\">Interesse ?<\/h1>\n\n\n\n<h2 class=\"gb-headline gb-headline-97a7c114 gb-headline-text\"><strong>Nehmen Sie Kontakt mit uns auf !<\/strong><\/h2>\n\n<\/div><\/div>\n\n<div class=\"gb-container gb-container-0930bc94\" id=\"Contact\"><div class=\"gb-inside-container\">\n<div class=\"gb-grid-wrapper gb-grid-wrapper-fdaac8f0\">\n<div class=\"gb-grid-column gb-grid-column-78a32228\"><div class=\"gb-container gb-container-78a32228\"><div class=\"gb-inside-container\">\n\n<h3 class=\"gb-headline gb-headline-b8384fcb gb-headline-text\">Ihre Ansprechpartner<\/h3>\n\n\n<div class=\"gb-container gb-container-391a8c82\"><div class=\"gb-inside-container\">\n\n<p class=\"gb-headline gb-headline-218536cd gb-headline-text\"><strong>Carsten Gerndt<\/strong>&nbsp;verf\u00fcgt \u00fcber viele Jahre Erfahrung in Gesch\u00e4ftsentwicklung, Vertrieb, Beschaffung und Projektmanagement an der Schnittstelle zwischen Feinchemie- und Life-Science- Industrie. Als Kaufmann und Logistiker betreut er ihre Projekte mit besonderem Blick auf die Leistungsf\u00e4higkeit der Lieferkette.<\/p>\n\n<\/div><\/div>\n\n<div class=\"gb-container gb-container-7e601eaa hide-on-tablet hide-on-mobile\"><div class=\"gb-inside-container\">\n\n<p class=\"gb-headline gb-headline-0348bce1 gb-headline-text\"><strong>Matthias Gerndt<\/strong>&nbsp;steht als ausgebildeter Biologe f\u00fcr unsere technologischen Kompetenzen und ist erster Ansprechpartner f\u00fcr Fragen rund um Forschung, Entwicklung und Produktion.<\/p>\n\n<\/div><\/div>\n<\/div><\/div><\/div>\n\n<div class=\"gb-grid-column gb-grid-column-4de2c883\"><div class=\"gb-container gb-container-4de2c883\"><div class=\"gb-inside-container\">\n\n<figure class=\"gb-block-image gb-block-image-57ff22b6\"><img loading=\"lazy\" decoding=\"async\" width=\"580\" height=\"580\" class=\"gb-image gb-image-57ff22b6\" src=\"https:\/\/acphis.com\/wp-content\/uploads\/acphis_web_004.jpg\" srcset=\"https:\/\/acphis.com\/wp-content\/uploads\/acphis_web_004.jpg 580w, https:\/\/acphis.com\/wp-content\/uploads\/acphis_web_004-400x400.jpg 400w, https:\/\/acphis.com\/wp-content\/uploads\/acphis_web_004-150x150.jpg 150w\" sizes=\"(max-width: 580px) 100vw, 580px\" \/><\/figure>\n\n<\/div><\/div><\/div>\n\n<div class=\"gb-grid-column gb-grid-column-c3ac2cac\"><div class=\"gb-container gb-container-c3ac2cac\"><div class=\"gb-inside-container\">\n\n<figure class=\"gb-block-image gb-block-image-d722658f\"><img loading=\"lazy\" decoding=\"async\" width=\"580\" height=\"580\" class=\"gb-image gb-image-d722658f\" src=\"https:\/\/acphis.com\/wp-content\/uploads\/acphis_web_005.jpg\" srcset=\"https:\/\/acphis.com\/wp-content\/uploads\/acphis_web_005.jpg 580w, https:\/\/acphis.com\/wp-content\/uploads\/acphis_web_005-400x400.jpg 400w, https:\/\/acphis.com\/wp-content\/uploads\/acphis_web_005-150x150.jpg 150w\" sizes=\"(max-width: 580px) 100vw, 580px\" \/><\/figure>\n\n<\/div><\/div><\/div>\n\n<div class=\"gb-grid-column gb-grid-column-1ecca7be\"><div class=\"gb-container gb-container-1ecca7be\"><div class=\"gb-inside-container\">\n\n<p class=\"gb-headline gb-headline-0d661412 gb-headline-text hide-on-desktop\"><strong>Matthias Gerndt<\/strong>&nbsp;steht als ausgebildeter Biologe f\u00fcr unsere technologischen Kompetenzen und ist erster Ansprechpartner f\u00fcr Fragen rund um Forschung, Entwicklung und Produktion.<\/p>\n\n<\/div><\/div><\/div>\n<\/div>\n<\/div><\/div>","protected":false},"excerpt":{"rendered":"<p>efficient. clean technologies. Von Pflanzen und anderen Organismen gebildete chemisch-organische Verbindungen &#8211; stellen leistungsf\u00e4hige und zukunftsf\u00e4hige Rohstoffe in der Bio\u00f6konomie dar.Sie werden zuk\u00fcnftig anders hergestellt werden m\u00fcssen, als sie es oft noch nach traditionellen Verfahren werden: Intelligenter, individueller, ressourceneffizienter, gesellschaftlich vertr\u00e4glich und dennoch mit Blick auf die Wirtschaftlichkeit. Der Klimawandel und damit verbundene Herausforderungen, eine &#8230; <a title=\"Company &#8211; DE\" class=\"read-more\" href=\"https:\/\/acphis.com\/de\/company\/\" aria-label=\"Mehr Informationen \u00fcber Company &#8211; DE\">Weiterlesen &#8230;<\/a><\/p>\n","protected":false},"author":3,"featured_media":0,"parent":0,"menu_order":0,"comment_status":"closed","ping_status":"closed","template":"","meta":{"footnotes":""},"class_list":["post-19","page","type-page","status-publish"],"_links":{"self":[{"href":"https:\/\/acphis.com\/de\/wp-json\/wp\/v2\/pages\/19"}],"collection":[{"href":"https:\/\/acphis.com\/de\/wp-json\/wp\/v2\/pages"}],"about":[{"href":"https:\/\/acphis.com\/de\/wp-json\/wp\/v2\/types\/page"}],"author":[{"embeddable":true,"href":"https:\/\/acphis.com\/de\/wp-json\/wp\/v2\/users\/3"}],"replies":[{"embeddable":true,"href":"https:\/\/acphis.com\/de\/wp-json\/wp\/v2\/comments?post=19"}],"version-history":[{"count":102,"href":"https:\/\/acphis.com\/de\/wp-json\/wp\/v2\/pages\/19\/revisions"}],"predecessor-version":[{"id":2209,"href":"https:\/\/acphis.com\/de\/wp-json\/wp\/v2\/pages\/19\/revisions\/2209"}],"wp:attachment":[{"href":"https:\/\/acphis.com\/de\/wp-json\/wp\/v2\/media?parent=19"}],"curies":[{"name":"wp","href":"https:\/\/api.w.org\/{rel}","templated":true}]}}