{"id":23,"date":"2022-05-12T11:14:04","date_gmt":"2022-05-12T09:14:04","guid":{"rendered":"http:\/\/192.168.55.111\/sandbox\/?page_id=23"},"modified":"2022-06-30T17:00:14","modified_gmt":"2022-06-30T15:00:14","slug":"legal","status":"publish","type":"page","link":"https:\/\/acphis.com\/de\/legal\/","title":{"rendered":"Legal \u2013 Terms \u2013 Privacy &#8211; DE"},"content":{"rendered":"<div class=\"gb-container gb-container-e1f1d6ef\"><div class=\"gb-inside-container\">\n\n<h2 class=\"gb-headline gb-headline-dbc21c14 gb-headline-text\">Rechtlicher Hinweis<\/h2>\n\n\n<div class=\"gb-grid-wrapper gb-grid-wrapper-4d4c949c\">\n<div class=\"gb-grid-column gb-grid-column-7a441ce4\"><div class=\"gb-container gb-container-7a441ce4\"><div class=\"gb-inside-container\">\n\n<h6 class=\"gb-headline gb-headline-c038421f gb-headline-text\"><a href=\"https:\/\/acphis.com\/de\/legal#Terms-of-use\">Nutzungsbestimmungen<\/a><\/h6>\n\n<\/div><\/div><\/div>\n\n<div class=\"gb-grid-column gb-grid-column-139ac279\"><div class=\"gb-container gb-container-139ac279\"><div class=\"gb-inside-container\">\n\n<h6 class=\"gb-headline gb-headline-61952b50 gb-headline-text\"><a href=\"https:\/\/acphis.com\/de\/legal#General-conditions-of-sale\">Allgemeine Verkaufsbedingungen<\/a><\/h6>\n\n<\/div><\/div><\/div>\n\n<div class=\"gb-grid-column gb-grid-column-5486743f\"><div class=\"gb-container gb-container-5486743f\"><div class=\"gb-inside-container\">\n\n<h6 class=\"gb-headline gb-headline-741394e2 gb-headline-text\"><a href=\"https:\/\/acphis.com\/de\/legal#Privacy-policy\">Datenschutzerkl\u00e4rung<\/a><\/h6>\n\n<\/div><\/div><\/div>\n\n<div class=\"gb-grid-column gb-grid-column-149195fb\"><div class=\"gb-container gb-container-149195fb\"><div class=\"gb-inside-container\">\n\n<h6 class=\"gb-headline gb-headline-4b865828 gb-headline-text\"><a href=\"https:\/\/acphis.com\/de\/legal#Terms-and-conditions-of-purchase\">Einkaufsbedingungen<\/a><\/h6>\n\n<\/div><\/div><\/div>\n\n<div class=\"gb-grid-column gb-grid-column-8d58f673\"><div class=\"gb-container gb-container-8d58f673\"><div class=\"gb-inside-container\">\n\n<h6 class=\"gb-headline gb-headline-8e5d2af9 gb-headline-text\"><a href=\"https:\/\/acphis.com\/de\/legal#Cookie-Policy\">Cookie-Richtlinien \/ Einstellungen<\/a><\/h6>\n\n<\/div><\/div><\/div>\n\n<div class=\"gb-grid-column gb-grid-column-b22399ed\"><div class=\"gb-container gb-container-b22399ed\"><div class=\"gb-inside-container\">\n\n<h6 class=\"gb-headline gb-headline-65f74520 gb-headline-text\"><a href=\"https:\/\/acphis.com\/de\/legal#Further-information\">Weitere Informationen \/ Impressum<\/a><\/h6>\n\n<\/div><\/div><\/div>\n<\/div>\n\n<div class=\"gb-container gb-container-3b9810e8\" id=\"Terms-of-use\"><div class=\"gb-inside-container\">\n\n<h3 class=\"gb-headline gb-headline-1ee72c23 gb-headline-text\">Nutzungsbestimmungen<\/h3>\n\n\n\n<p class=\"gb-headline gb-headline-f4393831 gb-headline-text\">Im Folgenden finden Sie die Bestimmungen eines rechtsg\u00fcltigen Vertrags zwischen Ihnen und acphis. Durch Zugriff auf und\/oder Besuch oder Verwendung dieser Webseite erkennen Sie an, dass Sie diese Bestimmungen gelesen und verstanden haben und erkl\u00e4ren sich einverstanden, an diese Bestimmungen gebunden zu sein und alle anwendbaren Gesetze und Bestimmungen einzuhalten. Wenn Sie nicht mit diesen Bestimmungen einverstanden sind, benutzen Sie bitte diese Webseite nicht.<br><br>acphis ist ohne Mitteilung an Sie jederzeit berechtigt, diese Nutzungsbestimmungen und andere Informationen durch Aktualisierung dieser Webseite zu \u00e4ndern. acphis ist ebenso berechtigt, jederzeit ohne Ank\u00fcndigung Verbesserungen oder \u00c4nderungen an Produkten, Dienstleistungen oder Programmen vorzunehmen, die auf dieser Webseite beschrieben werden.<\/p>\n\n\n\n<p class=\"gb-headline gb-headline-63fa33c1 gb-headline-text\"><a href=\"https:\/\/acphis.com\/de\/legal\/terms-of-use\/\" data-type=\"page\" data-id=\"1669\">acphis GmbH &amp; Co. KG. Nutzungsbestimmungen<\/a><\/p>\n\n<\/div><\/div>\n\n<div class=\"gb-container gb-container-e2bb125a\" id=\"Privacy-policy\"><div class=\"gb-inside-container\">\n\n<h3 class=\"gb-headline gb-headline-e43271a8 gb-headline-text\">Datenschutzerkl\u00e4rung<\/h3>\n\n\n\n<p class=\"gb-headline gb-headline-72abc681 gb-headline-text\">acphis achtet Ihr Recht auf Privatsph\u00e4re. Sie k\u00f6nnen uns im Internet besuchen, ohne uns Ihre Identit\u00e4t oder weitere Informationen mitzuteilen. Von Zeit zu Zeit ben\u00f6tigen wir dennoch Informationen von Ihnen, z.B.: um eine Bestellung abzuwickeln, um mit Ihnen zu korrespondieren, eine Vorbestellung f\u00fcr Materialien auszuf\u00fchren, die Sie ben\u00f6tigen, oder um eine Stellenbewerbung zu bearbeiten.<br><br>Wenn wir Sie um pers\u00f6nliche Informationen bitten, k\u00f6nnen Sie uns mitteilen, dass Sie die Verwendung dieser Daten f\u00fcr weitere Marketingkontakte ablehnen und wir werden Ihren Wunsch respektieren.<br><br>Bitte lesen Sie alle Einzelheiten in der verlinkten Datenschutzerkl\u00e4rung.<\/p>\n\n\n\n<p class=\"gb-headline gb-headline-def97a91 gb-headline-text\"><a href=\"https:\/\/acphis.com\/de\/legal\/privacy-policy\/\" data-type=\"page\" data-id=\"27\">acphis GmbH &amp; Co. KG Datenschutzbestimmungen<\/a>\u00a0\u00a0<\/p>\n\n<\/div><\/div>\n\n<div class=\"gb-container gb-container-98356680\" id=\"Cookie-Policy\"><div class=\"gb-inside-container\">\n\n<h3 class=\"gb-headline gb-headline-eca0ba9d gb-headline-text\">Cookie-Richtlinien<\/h3>\n\n\n\n<p class=\"gb-headline gb-headline-c3ffee5c gb-headline-text\">acphis verwendet auf dieser Seite Cookies mit dem Ziel, die Qualit\u00e4t unserer Serviceleistungen zu verbessern und Ihre Nutzung unserer Webseite zu personalisieren. Wenn Sie nicht m\u00f6chten, dass acphis diese Cookies verwendet, gibt es mehrere M\u00f6glichkeiten, dies zu verhindern.<br><br>Mit Klick auf &#8222;Akzeptieren&#8220; willigen Sie in die Erhebung von Informationen mittels Cookies, durch uns ein. Wenn Sie ablehnen, werden nur essentielle Cookies gesetzt. Weitere Informationen finden Sie in den <a href=\"https:\/\/acphis.com\/de\/legal\/privacy-policy\/\" data-type=\"page\" data-id=\"27\">Datenschutzbestimmungen<\/a>. Ihre Eingaben lassen sich unter nachfolgendem Link \u00e4ndern und anpassen.\u00a0<\/p>\n\n\n\n<p class=\"gb-headline gb-headline-1c424219 gb-headline-text\"><a href=\"http:\/\/cookie\" data-type=\"URL\" data-id=\"cookie\"><\/a><a href=\"https:\/\/acphis.com\/de\/legal\/privacy-settings\/\" data-type=\"page\" data-id=\"29\">Datenschutzeinstellungen<\/a><\/p>\n\n<\/div><\/div>\n\n<div class=\"gb-container gb-container-be9e0158\" id=\"General-conditions-of-sale\"><div class=\"gb-inside-container\">\n\n<h3 class=\"gb-headline gb-headline-2576363a gb-headline-text\">Allgemeine Verkaufsbedingungen<\/h3>\n\n\n\n<p class=\"gb-headline gb-headline-83adc701 gb-headline-text\">In diesem Abschnitt finden Sie die allgemeinen Gesch\u00e4ftsbedingungen von acphis in Ihrem Land. Bitte beachten Sie, dass je nach ausgew\u00e4hlten Produkten und Dienstleistungen unterschiedliche Bestimmungen Anwendung finden k\u00f6nnen.<\/p>\n\n\n\n<p class=\"gb-headline gb-headline-c617d3e3 gb-headline-text\"><a href=\"https:\/\/acphis.com\/wp-content\/uploads\/acphis_AVB_DE.pdf\" data-type=\"attachment\" data-id=\"2055\">Allgemeine Verkaufsbedingungen<\/a><\/p>\n\n<\/div><\/div>\n\n<div class=\"gb-container gb-container-c79f5b23\" id=\"Terms-and-conditions-of-purchase\"><div class=\"gb-inside-container\">\n\n<h3 class=\"gb-headline gb-headline-a608ffee gb-headline-text\">Einkaufsbedingungen<\/h3>\n\n\n\n<p class=\"gb-headline gb-headline-eb4e7722 gb-headline-text\">In diesem Abschnitt finden Sie die allgemeinen Einkaufsbedingungen von acphis in Ihrem Land. Bitte beachten Sie, dass je nach ausgew\u00e4hlten Produkten und Dienstleistungen unterschiedliche Bestimmungen Anwendung finden k\u00f6nnen.<\/p>\n\n\n\n<p class=\"gb-headline gb-headline-6ed52f6b gb-headline-text\"><a href=\"https:\/\/acphis.com\/wp-content\/uploads\/acphis_AEB_DE.pdf\" data-type=\"attachment\" data-id=\"2058\">Allgemeine Einkaufsbedingungen<\/a><\/p>\n\n<\/div><\/div>\n\n<div class=\"gb-container gb-container-a64a0db7\" id=\"Further-information\"><div class=\"gb-inside-container\">\n\n<h3 class=\"gb-headline gb-headline-ed51ff98 gb-headline-text\">Weitere Informationen \/ Impressum<\/h3>\n\n\n\n<p class=\"gb-headline gb-headline-7392127b gb-headline-text\">In diesem Abschnitt finden Sie weitere bedeutende und rechtlich relevante Informationen \u00fcber acphis.<\/p>\n\n\n\n<p class=\"gb-headline gb-headline-acacbf42 gb-headline-text\"><a href=\"https:\/\/acphis.com\/de\/legal\/legal-notice\/\" data-type=\"page\" data-id=\"25\">Impressum (Deutschland)<\/a><\/p>\n\n<\/div><\/div>\n<\/div><\/div>","protected":false},"excerpt":{"rendered":"<p>Rechtlicher Hinweis Nutzungsbestimmungen Im Folgenden finden Sie die Bestimmungen eines rechtsg\u00fcltigen Vertrags zwischen Ihnen und acphis. Durch Zugriff auf und\/oder Besuch oder Verwendung dieser Webseite erkennen Sie an, dass Sie diese Bestimmungen gelesen und verstanden haben und erkl\u00e4ren sich einverstanden, an diese Bestimmungen gebunden zu sein und alle anwendbaren Gesetze und Bestimmungen einzuhalten. Wenn Sie &#8230; <a title=\"Legal \u2013 Terms \u2013 Privacy &#8211; DE\" class=\"read-more\" href=\"https:\/\/acphis.com\/de\/legal\/\" aria-label=\"Mehr Informationen \u00fcber Legal \u2013 Terms \u2013 Privacy &#8211; DE\">Weiterlesen &#8230;<\/a><\/p>\n","protected":false},"author":3,"featured_media":0,"parent":0,"menu_order":0,"comment_status":"closed","ping_status":"closed","template":"","meta":{"footnotes":""},"class_list":["post-23","page","type-page","status-publish"],"_links":{"self":[{"href":"https:\/\/acphis.com\/de\/wp-json\/wp\/v2\/pages\/23"}],"collection":[{"href":"https:\/\/acphis.com\/de\/wp-json\/wp\/v2\/pages"}],"about":[{"href":"https:\/\/acphis.com\/de\/wp-json\/wp\/v2\/types\/page"}],"author":[{"embeddable":true,"href":"https:\/\/acphis.com\/de\/wp-json\/wp\/v2\/users\/3"}],"replies":[{"embeddable":true,"href":"https:\/\/acphis.com\/de\/wp-json\/wp\/v2\/comments?post=23"}],"version-history":[{"count":55,"href":"https:\/\/acphis.com\/de\/wp-json\/wp\/v2\/pages\/23\/revisions"}],"predecessor-version":[{"id":2081,"href":"https:\/\/acphis.com\/de\/wp-json\/wp\/v2\/pages\/23\/revisions\/2081"}],"wp:attachment":[{"href":"https:\/\/acphis.com\/de\/wp-json\/wp\/v2\/media?parent=23"}],"curies":[{"name":"wp","href":"https:\/\/api.w.org\/{rel}","templated":true}]}}