{"id":29,"date":"2022-05-12T11:30:11","date_gmt":"2022-05-12T09:30:11","guid":{"rendered":"http:\/\/192.168.55.111\/sandbox\/?page_id=29"},"modified":"2022-06-29T10:59:56","modified_gmt":"2022-06-29T08:59:56","slug":"privacy-settings","status":"publish","type":"page","link":"https:\/\/acphis.com\/de\/legal\/privacy-settings\/","title":{"rendered":"Privacy settings &#8211; DE"},"content":{"rendered":"<div class=\"gb-container gb-container-886e1ab6\"><div class=\"gb-inside-container\">\n\n<h2 class=\"gb-headline gb-headline-05095fcf gb-headline-text\">Privacy settings<\/h2>\n\n\n\n<p class=\"gb-headline gb-headline-13839be3 gb-headline-text\">Wir respektieren Ihre Privatsph\u00e4re. Deshalb stellen wir eine Opt-out option auf unserer Webseite zur Verf\u00fcgung. Damit k\u00f6nnen sie jederzeit die getroffenen Einstellungen r\u00fcckg\u00e4ngig machen oder \u00e4ndern.<\/p>\n\n\n<p><b>Fehler:<\/b> Sie m\u00fcssen sich einloggen um diese Aktion durchzuf\u00fchren.<\/p>\n\n\n<h2 class=\"gb-headline gb-headline-b01dad2f gb-headline-text\">Opt-in\/Opt-out settings<\/h2>\n\n\n<style>#dsgvomiddlewrap #tarteaucitronAlertBig {display: none;} #tarteaucitronManager { display: none !important;}<\/style><div id=\"dsgvo_service_control\"><\/div>\n\nSie m\u00fcssen eingeloggt sein um diese Aktion durchzuf\u00fchren.\n\n\n<h2 class=\"gb-headline gb-headline-48d939f5 gb-headline-text\">Opt-out Tracking<\/h2>\n\n\n\n<iframe style=\"border: 0; height: 200px; width: 600px;\" src=\"https:\/\/analytics.acphis.de\/index.php?module=CoreAdminHome&amp;action=optOut&amp;language=de&amp;backgroundColor=&amp;fontColor=&amp;fontSize=&amp;fontFamily=\"><\/iframe>\n\n<\/div><\/div>","protected":false},"excerpt":{"rendered":"<p>Privacy settings Wir respektieren Ihre Privatsph\u00e4re. Deshalb stellen wir eine Opt-out option auf unserer Webseite zur Verf\u00fcgung. Damit k\u00f6nnen sie jederzeit die getroffenen Einstellungen r\u00fcckg\u00e4ngig machen oder \u00e4ndern. Opt-in\/Opt-out settings Opt-out Tracking<\/p>\n","protected":false},"author":3,"featured_media":0,"parent":23,"menu_order":0,"comment_status":"closed","ping_status":"closed","template":"","meta":{"footnotes":""},"class_list":["post-29","page","type-page","status-publish"],"_links":{"self":[{"href":"https:\/\/acphis.com\/de\/wp-json\/wp\/v2\/pages\/29"}],"collection":[{"href":"https:\/\/acphis.com\/de\/wp-json\/wp\/v2\/pages"}],"about":[{"href":"https:\/\/acphis.com\/de\/wp-json\/wp\/v2\/types\/page"}],"author":[{"embeddable":true,"href":"https:\/\/acphis.com\/de\/wp-json\/wp\/v2\/users\/3"}],"replies":[{"embeddable":true,"href":"https:\/\/acphis.com\/de\/wp-json\/wp\/v2\/comments?post=29"}],"version-history":[{"count":7,"href":"https:\/\/acphis.com\/de\/wp-json\/wp\/v2\/pages\/29\/revisions"}],"predecessor-version":[{"id":1943,"href":"https:\/\/acphis.com\/de\/wp-json\/wp\/v2\/pages\/29\/revisions\/1943"}],"up":[{"embeddable":true,"href":"https:\/\/acphis.com\/de\/wp-json\/wp\/v2\/pages\/23"}],"wp:attachment":[{"href":"https:\/\/acphis.com\/de\/wp-json\/wp\/v2\/media?parent=29"}],"curies":[{"name":"wp","href":"https:\/\/api.w.org\/{rel}","templated":true}]}}