{"id":33,"date":"2022-05-12T11:33:24","date_gmt":"2022-05-12T09:33:24","guid":{"rendered":"http:\/\/192.168.55.111\/sandbox\/?page_id=33"},"modified":"2022-06-30T18:16:27","modified_gmt":"2022-06-30T16:16:27","slug":"p4l","status":"publish","type":"page","link":"https:\/\/acphis.com\/de\/p4l\/","title":{"rendered":"P4L &#8211; DE"},"content":{"rendered":"<div class=\"gb-container gb-container-3e0a0a73 has-vertical-button\" id=\"P4L\"><div class=\"gb-inside-container\">\n<div class=\"gb-container gb-container-cf8dd8e2\"><div class=\"gb-inside-container\">\n<div class=\"gb-grid-wrapper gb-grid-wrapper-e346f03a\">\n<div class=\"gb-grid-column gb-grid-column-1dc24b93\"><div class=\"gb-container gb-container-1dc24b93\"><div class=\"gb-inside-container\">\n<div class=\"gb-container gb-container-eb22a3bc\"><div class=\"gb-inside-container\">\n\n<h1 class=\"gb-headline gb-headline-5fe0fb9c gb-headline-text\">P4L<sup>\u00ae<\/sup><\/h1>\n\n<\/div><\/div>\n\n<div class=\"gb-container gb-container-70e4dae7\"><div class=\"gb-inside-container\">\n\n<div class=\"gb-headline gb-headline-95644c2d gb-headline-text\">LEISTUNGEN + L\u00d6SUNGEN<\/div>\n\n\n\n<h1 class=\"gb-headline gb-headline-653040f1 gb-headline-text\">Ma\u00dfgeschneiderte L\u00f6sungen.<\/h1>\n\n\n\n<h2 class=\"gb-headline gb-headline-d6adaec3 gb-headline-text\">Von Zellkultur bis Auftragsherstellung.<\/h2>\n\n<\/div><\/div>\n<\/div><\/div><\/div>\n<\/div>\n<\/div><\/div>\n\n\n<h4 class=\"gb-headline gb-headline-7a234b15 gb-headline-text is-vertical-button\"><mark style=\"background-color:rgba(0, 0, 0, 0)\" class=\"has-inline-color has-main-01-color\">efficient.<\/mark> clean technologies.<\/h4>\n\n<\/div><\/div>\n\n<div class=\"gb-container gb-container-2f9d5334\" id=\"Einleitung\"><div class=\"gb-inside-container\">\n\n<h3 class=\"gb-headline gb-headline-fbcd8c78 gb-headline-text\">Von der Natur geschaffen \u2013 zug\u00e4nglich durch ACPHIS<\/h3>\n\n\n\n<p class=\"gb-headline gb-headline-39faf9d1 gb-headline-text\">Die Natur ist eine nahezu unendliche Quelle f\u00fcr technologische Innovation und Inspiration f\u00fcr neue Materialien und Technologien. <br>Das Verst\u00e4ndnis von biologischen, biochemischen und \u00f6kologischen Prozessen ist der Schl\u00fcssel, der den Weg zu zukunftsf\u00e4higen industriellen Produktionssystemen \u00f6ffnet. <br><br>Unser Ziel ist es, dieses Verst\u00e4ndnis zu nutzen, um problematische Lieferketten und Produktionsverfahren abzul\u00f6sen. Wir bieten saubere und effiziente Technologien, smarte Prozesse und Dienstleistungen f\u00fcr die nachhaltige Beschaffung, Entwicklung und Produktion von Naturstoffen.<\/p>\n\n<\/div><\/div>\n\n<div class=\"gb-container gb-container-aeeac79f\" id=\"Dienstleistungen\"><div class=\"gb-inside-container\">\n<div class=\"gb-container gb-container-f989bdbf\"><div class=\"gb-inside-container\">\n\n<h4 class=\"gb-headline gb-headline-dc74cfa8\"><span class=\"gb-icon\"><svg aria-hidden=\"true\" role=\"img\" height=\"1em\" width=\"1em\" viewBox=\"0 0 256 512\" xmlns=\"http:\/\/www.w3.org\/2000\/svg\"><path fill=\"currentColor\" d=\"M224.3 273l-136 136c-9.4 9.4-24.6 9.4-33.9 0l-22.6-22.6c-9.4-9.4-9.4-24.6 0-33.9l96.4-96.4-96.4-96.4c-9.4-9.4-9.4-24.6 0-33.9L54.3 103c9.4-9.4 24.6-9.4 33.9 0l136 136c9.5 9.4 9.5 24.6.1 34z\"><\/path><\/svg><\/span><span class=\"gb-headline-text\">PROJECT MANAGEMENT &amp; CONSULTING<\/span><\/h4>\n\n\n\n<p class=\"gb-headline gb-headline-a4fef82f gb-headline-text\">Mit Expertise, Know-how und einer transdisziplin\u00e4ren, ganzheitlichen Denkweise unterst\u00fctzen wir unsere Partner und Kunden bei der Erreichung ihrer Projektziele rund um die Beschaffung und Produktion von Biomasse und Naturstoffen. L\u00f6sungs- und zielorientiert managen wir Projekte, von der Zelllinie bis zum Pulver, vom Labortisch bis zum Markt.<\/p>\n\n<\/div><\/div>\n\n<div class=\"gb-container gb-container-816ab67d\"><div class=\"gb-inside-container\">\n\n<h4 class=\"gb-headline gb-headline-1d943470\"><span class=\"gb-icon\"><svg aria-hidden=\"true\" role=\"img\" height=\"1em\" width=\"1em\" viewBox=\"0 0 256 512\" xmlns=\"http:\/\/www.w3.org\/2000\/svg\"><path fill=\"currentColor\" d=\"M224.3 273l-136 136c-9.4 9.4-24.6 9.4-33.9 0l-22.6-22.6c-9.4-9.4-9.4-24.6 0-33.9l96.4-96.4-96.4-96.4c-9.4-9.4-9.4-24.6 0-33.9L54.3 103c9.4-9.4 24.6-9.4 33.9 0l136 136c9.5 9.4 9.5 24.6.1 34z\"><\/path><\/svg><\/span><span class=\"gb-headline-text\">PARTNERING &amp; INNOVATION<\/span><\/h4>\n\n\n\n<p class=\"gb-headline gb-headline-357464dc gb-headline-text\">Innovation beginnt mit einer Idee und es braucht die richtigen Partner, um ihre Potenziale zu erkennen, Denkbarrieren zu durchbrechen und sie erfolgreich in praktische Anwendungen umzusetzen.<br><br>Im Rahmen definierter Innovationsbereiche arbeiten wir strategisch mit Machern, Akademia, Biotech-Unternehmen, einzelnen Wissenschaftlern und Unternehmern zusammen, um bahnbrechende Technologien und Fertigungsm\u00f6glichkeiten zu entwickeln und in der industriellen Entwicklung und Produktion von Naturstoffen anzuwenden. Gemeinsam mit unseren Partnern machen wir den Unterschied.<\/p>\n\n<\/div><\/div>\n\n<div class=\"gb-container gb-container-69ea0efe\"><div class=\"gb-inside-container\">\n\n<h4 class=\"gb-headline gb-headline-985e5673 gb-headline-text\">Platform Technologies &#8211; Focus Areas<\/h4>\n\n\n\n<figure class=\"gb-block-image gb-block-image-4e3cc79c\"><img loading=\"lazy\" decoding=\"async\" width=\"1139\" height=\"919\" class=\"gb-image gb-image-4e3cc79c is-style-default\" src=\"https:\/\/acphis.com\/wp-content\/uploads\/acphis_p4l_partnering.png\" srcset=\"https:\/\/acphis.com\/wp-content\/uploads\/acphis_p4l_partnering.png 1139w, https:\/\/acphis.com\/wp-content\/uploads\/acphis_p4l_partnering-400x323.png 400w, https:\/\/acphis.com\/wp-content\/uploads\/acphis_p4l_partnering-768x620.png 768w\" sizes=\"(max-width: 1139px) 100vw, 1139px\" \/><\/figure>\n\n<\/div><\/div>\n\n<div class=\"gb-container gb-container-f068f9a1\"><div class=\"gb-inside-container\">\n\n<h4 class=\"gb-headline gb-headline-c7c1228d\"><span class=\"gb-icon\"><svg aria-hidden=\"true\" role=\"img\" height=\"1em\" width=\"1em\" viewBox=\"0 0 256 512\" xmlns=\"http:\/\/www.w3.org\/2000\/svg\"><path fill=\"currentColor\" d=\"M224.3 273l-136 136c-9.4 9.4-24.6 9.4-33.9 0l-22.6-22.6c-9.4-9.4-9.4-24.6 0-33.9l96.4-96.4-96.4-96.4c-9.4-9.4-9.4-24.6 0-33.9L54.3 103c9.4-9.4 24.6-9.4 33.9 0l136 136c9.5 9.4 9.5 24.6.1 34z\"><\/path><\/svg><\/span><span class=\"gb-headline-text\">PLATTFORMTECHNOLOGIEN<\/span><\/h4>\n\n\n\n<p class=\"gb-headline gb-headline-94a7496d gb-headline-text\">In enger Zusammenarbeit mit unseren Partnern liefern wir L\u00f6sungen, die eine effiziente und nachfragegesteuerte Produktion von Naturstoffen im industriellen Ma\u00dfstab erm\u00f6glichen; \u201eon-demand\u201c, mit konstant hoher Produktivit\u00e4t, nachhaltig und ohne Auswirkungen auf die Biodiversit\u00e4t und sensible \u00d6kosysteme.<\/p>\n\n<\/div><\/div>\n\n<div class=\"gb-container gb-container-2f4cd287\"><div class=\"gb-inside-container\">\n\n<h4 class=\"gb-headline gb-headline-8babe22d\"><span class=\"gb-icon\"><svg aria-hidden=\"true\" role=\"img\" height=\"1em\" width=\"1em\" viewBox=\"0 0 256 512\" xmlns=\"http:\/\/www.w3.org\/2000\/svg\"><path fill=\"currentColor\" d=\"M224.3 273l-136 136c-9.4 9.4-24.6 9.4-33.9 0l-22.6-22.6c-9.4-9.4-9.4-24.6 0-33.9l96.4-96.4-96.4-96.4c-9.4-9.4-9.4-24.6 0-33.9L54.3 103c9.4-9.4 24.6-9.4 33.9 0l136 136c9.5 9.4 9.5 24.6.1 34z\"><\/path><\/svg><\/span><span class=\"gb-headline-text\">PRODUKTION UND SUPPLY CHAIN MANAGEMENT<\/span><\/h4>\n\n\n\n<p class=\"gb-headline gb-headline-aa209e1e gb-headline-text\">Planen. Beschaffen. Herstellen. Liefern. Als virtueller Hersteller mit langj\u00e4hriger Erfahrung im internationalen Gesch\u00e4ftsumfeld setzten wir erarbeitete L\u00f6sungen um, managen integrierte Produktionsnetzwerke und Lieferketten. Unser Angebot als Komplettanbieter von Naturstoffen wird erg\u00e4nzt durch unterst\u00fctzende Dienstleistungen wie Qualit\u00e4tsmanagement (ISO9001, EU GMP, GDP), Regulatory Affairs, EHAS.<\/p>\n\n<\/div><\/div>\n<\/div><\/div>\n\n<div class=\"gb-container gb-container-87790bdf\" id=\"Kontaktieren\"><div class=\"gb-inside-container\">\n\n<h1 class=\"gb-headline gb-headline-71389b1d gb-headline-text\">Kontaktieren sie uns &#8230;<\/h1>\n\n\n<div class=\"gb-grid-wrapper gb-grid-wrapper-6e27b521\">\n<div class=\"gb-grid-column gb-grid-column-5a46d1ec\"><div class=\"gb-container gb-container-5a46d1ec\"><div class=\"gb-inside-container\">\n\n<p class=\"gb-headline gb-headline-45e7dd85 gb-headline-text\">&#8230; wenn Sie zum Ziel haben, bestehende Prozesse durch effizientere und umweltfreundlichere Verfahren zu ersetzen<\/p>\n\n<\/div><\/div><\/div>\n\n<div class=\"gb-grid-column gb-grid-column-6fa71ceb\"><div class=\"gb-container gb-container-6fa71ceb\"><div class=\"gb-inside-container\">\n\n<p class=\"gb-headline gb-headline-e69c9efb gb-headline-text\">&#8230; wenn Lieferketten gegen Risiken abgesichert werden sollen und Sie Herausforderungen wie Ernteausf\u00e4lle, Auswirkungen des Klimawandels, Ressourcenknappheit entgegenwirken m\u00f6chten<\/p>\n\n<\/div><\/div><\/div>\n\n<div class=\"gb-grid-column gb-grid-column-f2f20df4\"><div class=\"gb-container gb-container-f2f20df4\"><div class=\"gb-inside-container\">\n\n<p class=\"gb-headline gb-headline-142923af gb-headline-text\">&#8230; bei Bedarf an Naturstoffen aus seltenen, schwer zu kultivierenden oder gesch\u00fctzten Pflanzenarten<\/p>\n\n<\/div><\/div><\/div>\n\n<div class=\"gb-grid-column gb-grid-column-af029f50\"><div class=\"gb-container gb-container-af029f50\"><div class=\"gb-inside-container\">\n\n<p class=\"gb-headline gb-headline-e22c4fc7 gb-headline-text\">&#8230; um die Time-to-Market zu verk\u00fcrzen und\/oder eine ganzj\u00e4hrig zuverl\u00e4ssige Biomasseproduktion sicherzustellen.<\/p>\n\n<\/div><\/div><\/div>\n\n<div class=\"gb-grid-column gb-grid-column-37343ac7\"><div class=\"gb-container gb-container-37343ac7\"><div class=\"gb-inside-container\">\n\n<p class=\"gb-headline gb-headline-2da4b26f gb-headline-text\">&#8230; wenn komplexe Projekte gemanagt werden m\u00fcssen \u2013 vom Labortisch bis zum Markt, von der Zelle bis zum Pulver<\/p>\n\n<\/div><\/div><\/div>\n\n<div class=\"gb-grid-column gb-grid-column-527e015d\"><div class=\"gb-container gb-container-527e015d\"><div class=\"gb-inside-container\">\n\n<p class=\"gb-headline gb-headline-81654760 gb-headline-text\">&#8230; falls sie einen strategischen Partner f\u00fcr die globale Beschaffung von Naturstoffen ben\u00f6tigen<\/p>\n\n<\/div><\/div><\/div>\n\n<div class=\"gb-grid-column gb-grid-column-01c31fd5\"><div class=\"gb-container gb-container-01c31fd5\"><div class=\"gb-inside-container\">\n\n<p class=\"gb-headline gb-headline-45a97b6a gb-headline-text\">&#8230; wenn sie sich mit Schadstoffbelastungen und Qualit\u00e4tsproblemen von Biomasse konfrontiert sehen: Schwermetalle, Pestizide, Toxine,..<\/p>\n\n<\/div><\/div><\/div>\n<\/div>\n\n\n<h2 class=\"gb-headline gb-headline-3841390f gb-headline-text\"><strong>Wie k\u00f6nnen wir Sie unterst\u00fctzen ?<\/strong><\/h2>\n\n<\/div><\/div>","protected":false},"excerpt":{"rendered":"<p>efficient. clean technologies. Von der Natur geschaffen \u2013 zug\u00e4nglich durch ACPHIS Die Natur ist eine nahezu unendliche Quelle f\u00fcr technologische Innovation und Inspiration f\u00fcr neue Materialien und Technologien. Das Verst\u00e4ndnis von biologischen, biochemischen und \u00f6kologischen Prozessen ist der Schl\u00fcssel, der den Weg zu zukunftsf\u00e4higen industriellen Produktionssystemen \u00f6ffnet. Unser Ziel ist es, dieses Verst\u00e4ndnis zu nutzen, &#8230; <a title=\"P4L &#8211; DE\" class=\"read-more\" href=\"https:\/\/acphis.com\/de\/p4l\/\" aria-label=\"Mehr Informationen \u00fcber P4L &#8211; DE\">Weiterlesen &#8230;<\/a><\/p>\n","protected":false},"author":3,"featured_media":0,"parent":0,"menu_order":0,"comment_status":"closed","ping_status":"closed","template":"","meta":{"footnotes":""},"class_list":["post-33","page","type-page","status-publish"],"_links":{"self":[{"href":"https:\/\/acphis.com\/de\/wp-json\/wp\/v2\/pages\/33"}],"collection":[{"href":"https:\/\/acphis.com\/de\/wp-json\/wp\/v2\/pages"}],"about":[{"href":"https:\/\/acphis.com\/de\/wp-json\/wp\/v2\/types\/page"}],"author":[{"embeddable":true,"href":"https:\/\/acphis.com\/de\/wp-json\/wp\/v2\/users\/3"}],"replies":[{"embeddable":true,"href":"https:\/\/acphis.com\/de\/wp-json\/wp\/v2\/comments?post=33"}],"version-history":[{"count":190,"href":"https:\/\/acphis.com\/de\/wp-json\/wp\/v2\/pages\/33\/revisions"}],"predecessor-version":[{"id":2095,"href":"https:\/\/acphis.com\/de\/wp-json\/wp\/v2\/pages\/33\/revisions\/2095"}],"wp:attachment":[{"href":"https:\/\/acphis.com\/de\/wp-json\/wp\/v2\/media?parent=33"}],"curies":[{"name":"wp","href":"https:\/\/api.w.org\/{rel}","templated":true}]}}