{"id":45,"date":"2022-05-12T13:49:46","date_gmt":"2022-05-12T11:49:46","guid":{"rendered":"http:\/\/192.168.55.111\/sandbox\/?page_id=45"},"modified":"2022-07-08T14:19:42","modified_gmt":"2022-07-08T12:19:42","slug":"phytopure","status":"publish","type":"page","link":"https:\/\/acphis.com\/de\/phytopure\/","title":{"rendered":"Phytopure &#8211; DE"},"content":{"rendered":"<div class=\"gb-container gb-container-11b97313 has-vertical-button\" id=\"Phytopure\"><div class=\"gb-inside-container\">\n<div class=\"gb-container gb-container-4b051a95\"><div class=\"gb-inside-container\">\n<div class=\"gb-grid-wrapper gb-grid-wrapper-3f44c762\">\n<div class=\"gb-grid-column gb-grid-column-1a3f2139\"><div class=\"gb-container gb-container-1a3f2139\"><div class=\"gb-inside-container\">\n<div class=\"gb-container gb-container-b815578f\"><div class=\"gb-inside-container\">\n\n<h1 class=\"gb-headline gb-headline-af8f5a56 gb-headline-text\">PHYTOPURE<sup>\u00ae<\/sup><\/h1>\n\n<\/div><\/div>\n\n<div class=\"gb-container gb-container-98dffdae\"><div class=\"gb-inside-container\">\n\n<div class=\"gb-headline gb-headline-dbc128a1 gb-headline-text\">Produkte<\/div>\n\n\n\n<h1 class=\"gb-headline gb-headline-694e31bd gb-headline-text\">Biobasiert und -inspiriert.<\/h1>\n\n\n\n<h2 class=\"gb-headline gb-headline-791fe151 gb-headline-text\">Unsere Idee von zukunftsf\u00e4higen Produkten. Wir liefern den Rohstoff.<\/h2>\n\n<\/div><\/div>\n<\/div><\/div><\/div>\n<\/div>\n<\/div><\/div>\n\n\n<h4 class=\"gb-headline gb-headline-8e776d41 gb-headline-text is-vertical-button\"><mark style=\"background-color:rgba(0, 0, 0, 0)\" class=\"has-inline-color has-main-01-color\">efficient.<\/mark> clean technologies.<\/h4>\n\n<\/div><\/div>\n\n<div class=\"gb-container gb-container-1bf7d906\" id=\"Introduction\"><div class=\"gb-inside-container\">\n\n<h3 class=\"gb-headline gb-headline-ac04e2d2 gb-headline-text\">Wir liefern Naturstoffe f\u00fcr anspruchsvollste Anwendungen.<\/h3>\n\n\n\n<p class=\"gb-headline gb-headline-a113d8f7 gb-headline-text\">ACPHIS ist ein Anbieter biobasierter Inhaltsstoffe, die strengsten Reinheits- und Qualit\u00e4tsanforderungen der Life-Science- und High-Tech-Industrie entsprechen.<br><br>Unsere Produkte &#8211; aus Pflanzen und Mikroorganismen isolierte, chemisch-organischen Verbindungen \u2013 bieten eine umweltfreundliche und leistungsf\u00e4hige L\u00f6sung f\u00fcr eine Vielzahl von Anwendungsbereichen und industriellen Herstellungsprozessen: Von der Schl\u00fcsselstruktur neuer Arzneistoffe, \u00fcber die Formulierung neuester mRNA- Impfstoffe bis hin zur aktiven Komponente in biofunktionellen Materialien und Oberfl\u00e4chen.<\/p>\n\n<\/div><\/div>\n\n<div class=\"gb-container gb-container-d4c344cb\" id=\"Products\"><div class=\"gb-inside-container\">\n<div class=\"gb-grid-wrapper gb-grid-wrapper-3424f8a7\">\n<div class=\"gb-grid-column gb-grid-column-7235a699\"><div class=\"gb-container gb-container-7235a699\"><div class=\"gb-inside-container\">\n\n<figure class=\"gb-block-image gb-block-image-00350067\"><img loading=\"lazy\" decoding=\"async\" width=\"1200\" height=\"600\" class=\"gb-image gb-image-00350067\" src=\"https:\/\/acphis.com\/wp-content\/uploads\/acphis_p4l_finechemicals_002-1200x600.jpg\" srcset=\"https:\/\/acphis.com\/wp-content\/uploads\/acphis_p4l_finechemicals_002-1200x600.jpg 1200w, https:\/\/acphis.com\/wp-content\/uploads\/acphis_p4l_finechemicals_002-400x200.jpg 400w, https:\/\/acphis.com\/wp-content\/uploads\/acphis_p4l_finechemicals_002-768x384.jpg 768w, https:\/\/acphis.com\/wp-content\/uploads\/acphis_p4l_finechemicals_002.jpg 1320w\" sizes=\"(max-width: 1200px) 100vw, 1200px\" \/><\/figure>\n\n<\/div><\/div><\/div>\n\n<div class=\"gb-grid-column gb-grid-column-138e29a8\"><div class=\"gb-container gb-container-138e29a8\"><div class=\"gb-inside-container\">\n\n<h6 class=\"gb-headline gb-headline-f6e9584c gb-headline-text\">Feinchemische Synthese<br><mark class=\"gb-highlight\">\u2014\u2014\u2014<mark class=\"gb-highlight\">\u2014<\/mark>\u2014<\/mark><\/h6>\n\n\n\n<p class=\"gb-headline gb-headline-01c86c2d gb-headline-text\">\u2022 Synthesebausteine<br>\u2022 Chirale Auxiliare und Reagentien<br>\u2022 Exsudate, Biomasse zur Extraktion <\/p>\n\n<\/div><\/div><\/div>\n\n<div class=\"gb-grid-column gb-grid-column-7f7e0ac9\"><div class=\"gb-container gb-container-7f7e0ac9\"><div class=\"gb-inside-container\">\n\n<h6 class=\"gb-headline gb-headline-43e83032 gb-headline-text\">Pharmazeutische Formulierung<br><mark class=\"gb-highlight\">\u2014\u2014\u2014<mark class=\"gb-highlight\">\u2014<\/mark>\u2014<\/mark><\/h6>\n\n\n\n<p class=\"gb-headline gb-headline-390564a0 gb-headline-text\">\u2022 Solubilisatoren, Stabilisatoren<br>\u2022 Adjuvantien<br>\u2022 LNP- Komponenten<br>\u2022 APIs, ADC-Payloads<\/p>\n\n<\/div><\/div><\/div>\n\n<div class=\"gb-grid-column gb-grid-column-0dcec5fc\"><div class=\"gb-container gb-container-0dcec5fc\"><div class=\"gb-inside-container\">\n\n<figure class=\"gb-block-image gb-block-image-713202be\"><img loading=\"lazy\" decoding=\"async\" width=\"1200\" height=\"600\" class=\"gb-image gb-image-713202be\" src=\"https:\/\/acphis.com\/wp-content\/uploads\/acphis_p4l_pharma-1200x600.jpg\" srcset=\"https:\/\/acphis.com\/wp-content\/uploads\/acphis_p4l_pharma-1200x600.jpg 1200w, https:\/\/acphis.com\/wp-content\/uploads\/acphis_p4l_pharma-400x200.jpg 400w, https:\/\/acphis.com\/wp-content\/uploads\/acphis_p4l_pharma-768x384.jpg 768w, https:\/\/acphis.com\/wp-content\/uploads\/acphis_p4l_pharma.jpg 1320w\" sizes=\"(max-width: 1200px) 100vw, 1200px\" \/><\/figure>\n\n<\/div><\/div><\/div>\n\n<div class=\"gb-grid-column gb-grid-column-6b3d572f\"><div class=\"gb-container gb-container-6b3d572f\"><div class=\"gb-inside-container\">\n\n<figure class=\"gb-block-image gb-block-image-cc420973\"><img loading=\"lazy\" decoding=\"async\" width=\"1200\" height=\"600\" class=\"gb-image gb-image-cc420973\" src=\"https:\/\/acphis.com\/wp-content\/uploads\/acphis_p4l_medtech-1200x600.jpg\" srcset=\"https:\/\/acphis.com\/wp-content\/uploads\/acphis_p4l_medtech-1200x600.jpg 1200w, https:\/\/acphis.com\/wp-content\/uploads\/acphis_p4l_medtech-400x200.jpg 400w, https:\/\/acphis.com\/wp-content\/uploads\/acphis_p4l_medtech-768x384.jpg 768w, https:\/\/acphis.com\/wp-content\/uploads\/acphis_p4l_medtech.jpg 1320w\" sizes=\"(max-width: 1200px) 100vw, 1200px\" \/><\/figure>\n\n<\/div><\/div><\/div>\n\n<div class=\"gb-grid-column gb-grid-column-1cc23b56\"><div class=\"gb-container gb-container-1cc23b56\"><div class=\"gb-inside-container\">\n\n<h6 class=\"gb-headline gb-headline-ce5421c9 gb-headline-text\">Medizinprodukte<br><mark class=\"gb-highlight\">\u2014\u2014\u2014<mark class=\"gb-highlight\">\u2014<\/mark>\u2014<\/mark><\/h6>\n\n\n\n<p class=\"gb-headline gb-headline-b7e9e7af gb-headline-text\">\u2022 funktionale Inhaltsstoffe<br>\u2022 Komponenten f\u00fcr Biomaterialien<\/p>\n\n<\/div><\/div><\/div>\n\n<div class=\"gb-grid-column gb-grid-column-df5e9038\"><div class=\"gb-container gb-container-df5e9038\"><div class=\"gb-inside-container\">\n\n<h6 class=\"gb-headline gb-headline-8f07fdb6 gb-headline-text\">Bioprozesse\/ Fermentation<br><mark class=\"gb-highlight\">\u2014\u2014\u2014<mark class=\"gb-highlight\">\u2014<\/mark>\u2014<\/mark><\/h6>\n\n\n\n<p class=\"gb-headline gb-headline-7c8846a3 gb-headline-text\">\u2022 Medienkomponenten und -zus\u00e4tze<br>\u2022 Expressionsinduktoren<\/p>\n\n<\/div><\/div><\/div>\n\n<div class=\"gb-grid-column gb-grid-column-3d913ced\"><div class=\"gb-container gb-container-3d913ced\"><div class=\"gb-inside-container\">\n\n<figure class=\"gb-block-image gb-block-image-a303a954\"><img loading=\"lazy\" decoding=\"async\" width=\"1200\" height=\"600\" class=\"gb-image gb-image-a303a954\" src=\"https:\/\/acphis.com\/wp-content\/uploads\/acphis_p4l_biotech-1200x600.jpg\" srcset=\"https:\/\/acphis.com\/wp-content\/uploads\/acphis_p4l_biotech-1200x600.jpg 1200w, https:\/\/acphis.com\/wp-content\/uploads\/acphis_p4l_biotech-400x200.jpg 400w, https:\/\/acphis.com\/wp-content\/uploads\/acphis_p4l_biotech-768x384.jpg 768w, https:\/\/acphis.com\/wp-content\/uploads\/acphis_p4l_biotech.jpg 1320w\" sizes=\"(max-width: 1200px) 100vw, 1200px\" \/><\/figure>\n\n<\/div><\/div><\/div>\n\n<div class=\"gb-grid-column gb-grid-column-e4ead221\"><div class=\"gb-container gb-container-e4ead221\"><div class=\"gb-inside-container\">\n\n<figure class=\"gb-block-image gb-block-image-630864bd\"><img loading=\"lazy\" decoding=\"async\" width=\"1200\" height=\"600\" class=\"gb-image gb-image-630864bd\" src=\"https:\/\/acphis.com\/wp-content\/uploads\/acphis_p4l_performance-materials-1200x600.jpg\" srcset=\"https:\/\/acphis.com\/wp-content\/uploads\/acphis_p4l_performance-materials-1200x600.jpg 1200w, https:\/\/acphis.com\/wp-content\/uploads\/acphis_p4l_performance-materials-400x200.jpg 400w, https:\/\/acphis.com\/wp-content\/uploads\/acphis_p4l_performance-materials-768x384.jpg 768w, https:\/\/acphis.com\/wp-content\/uploads\/acphis_p4l_performance-materials.jpg 1320w\" sizes=\"(max-width: 1200px) 100vw, 1200px\" \/><\/figure>\n\n<\/div><\/div><\/div>\n\n<div class=\"gb-grid-column gb-grid-column-d6c2acb1\"><div class=\"gb-container gb-container-d6c2acb1\"><div class=\"gb-inside-container\">\n\n<h6 class=\"gb-headline gb-headline-641110e3 gb-headline-text\">Performance- Materialien<br><mark class=\"gb-highlight\">\u2014\u2014\u2014<mark class=\"gb-highlight\">\u2014<\/mark>\u2014<\/mark><\/h6>\n\n\n\n<p class=\"gb-headline gb-headline-e44d6a0a gb-headline-text\">\u2022 (bio-) funktionale Additive<br>\u2022 technische Prozesshilfsstoffe<\/p>\n\n<\/div><\/div><\/div>\n<\/div>\n<\/div><\/div>\n\n<div class=\"gb-container gb-container-34ab171e\" id=\"Contact\"><div class=\"gb-inside-container\">\n\n<h1 class=\"gb-headline gb-headline-2e31d36f gb-headline-text\">Sie suchen einen zuverl\u00e4ssigen und <br>kompetenten Beschaffungspartner ?<\/h1>\n\n\n\n<h2 class=\"gb-headline gb-headline-5c81b00a gb-headline-text\"><strong>Wir liefern !<\/strong><\/h2>\n\n\n\n<h3 class=\"gb-headline gb-headline-b271a062 gb-headline-text\">Biomasse, Exsudate, Fraktionen oder Spezialextrakte <\/h3>\n\n\n\n<h3 class=\"gb-headline gb-headline-a456feb0 gb-headline-text\">isolierte Molek\u00fcle: Polyphenole, Tannine \/ Tannins\u00e4ure,<br>Saponine, Alkaloide, Sterole, seltene Zucker, \u2026<\/h3>\n\n\n\n<h2 class=\"gb-headline gb-headline-2c7c0305 gb-headline-text\"><strong>Mit welchem Rohstoff k\u00f6nnen wir Ihnen helfen ? <br>Fragen Sie uns.<\/strong><\/h2>\n\n<\/div><\/div>","protected":false},"excerpt":{"rendered":"<p>efficient. clean technologies. Wir liefern Naturstoffe f\u00fcr anspruchsvollste Anwendungen. ACPHIS ist ein Anbieter biobasierter Inhaltsstoffe, die strengsten Reinheits- und Qualit\u00e4tsanforderungen der Life-Science- und High-Tech-Industrie entsprechen. Unsere Produkte &#8211; aus Pflanzen und Mikroorganismen isolierte, chemisch-organischen Verbindungen \u2013 bieten eine umweltfreundliche und leistungsf\u00e4hige L\u00f6sung f\u00fcr eine Vielzahl von Anwendungsbereichen und industriellen Herstellungsprozessen: Von der Schl\u00fcsselstruktur neuer Arzneistoffe, &#8230; <a title=\"Phytopure &#8211; DE\" class=\"read-more\" href=\"https:\/\/acphis.com\/de\/phytopure\/\" aria-label=\"Mehr Informationen \u00fcber Phytopure &#8211; DE\">Weiterlesen &#8230;<\/a><\/p>\n","protected":false},"author":3,"featured_media":0,"parent":0,"menu_order":0,"comment_status":"closed","ping_status":"closed","template":"","meta":{"footnotes":""},"class_list":["post-45","page","type-page","status-publish"],"_links":{"self":[{"href":"https:\/\/acphis.com\/de\/wp-json\/wp\/v2\/pages\/45"}],"collection":[{"href":"https:\/\/acphis.com\/de\/wp-json\/wp\/v2\/pages"}],"about":[{"href":"https:\/\/acphis.com\/de\/wp-json\/wp\/v2\/types\/page"}],"author":[{"embeddable":true,"href":"https:\/\/acphis.com\/de\/wp-json\/wp\/v2\/users\/3"}],"replies":[{"embeddable":true,"href":"https:\/\/acphis.com\/de\/wp-json\/wp\/v2\/comments?post=45"}],"version-history":[{"count":151,"href":"https:\/\/acphis.com\/de\/wp-json\/wp\/v2\/pages\/45\/revisions"}],"predecessor-version":[{"id":2246,"href":"https:\/\/acphis.com\/de\/wp-json\/wp\/v2\/pages\/45\/revisions\/2246"}],"wp:attachment":[{"href":"https:\/\/acphis.com\/de\/wp-json\/wp\/v2\/media?parent=45"}],"curies":[{"name":"wp","href":"https:\/\/api.w.org\/{rel}","templated":true}]}}