{"id":2012,"date":"2022-05-12T11:33:24","date_gmt":"2022-05-12T09:33:24","guid":{"rendered":"http:\/\/192.168.55.111\/sandbox\/p4l-es\/"},"modified":"2022-06-30T18:19:48","modified_gmt":"2022-06-30T16:19:48","slug":"p4l","status":"publish","type":"page","link":"https:\/\/acphis.com\/es\/p4l\/","title":{"rendered":"P4L &#8211; ES"},"content":{"rendered":"<div class=\"gb-container gb-container-3e0a0a73 has-vertical-button\" id=\"P4L\"><div class=\"gb-inside-container\">\n<div class=\"gb-container gb-container-cf8dd8e2\"><div class=\"gb-inside-container\">\n<div class=\"gb-grid-wrapper gb-grid-wrapper-e346f03a\">\n<div class=\"gb-grid-column gb-grid-column-1dc24b93\"><div class=\"gb-container gb-container-1dc24b93\"><div class=\"gb-inside-container\">\n<div class=\"gb-container gb-container-eb22a3bc\"><div class=\"gb-inside-container\">\n\n<h1 class=\"gb-headline gb-headline-5fe0fb9c gb-headline-text\">P4L<sup>\u00ae<\/sup><\/h1>\n\n<\/div><\/div>\n\n<div class=\"gb-container gb-container-70e4dae7\"><div class=\"gb-inside-container\">\n\n<div class=\"gb-headline gb-headline-95644c2d gb-headline-text\">SERVICIOS + SOLUCIONES<\/div>\n\n\n\n<h1 class=\"gb-headline gb-headline-653040f1 gb-headline-text\">Soluciones a medida.<\/h1>\n\n\n\n<h2 class=\"gb-headline gb-headline-d6adaec3 gb-headline-text\">Del cultivo celular a la fabricaci\u00f3n por contrato.<\/h2>\n\n<\/div><\/div>\n<\/div><\/div><\/div>\n<\/div>\n<\/div><\/div>\n\n\n<h4 class=\"gb-headline gb-headline-7a234b15 gb-headline-text is-vertical-button\"><mark style=\"background-color:rgba(0, 0, 0, 0)\" class=\"has-inline-color has-main-01-color\">efficient.<\/mark> clean technologies.<\/h4>\n\n<\/div><\/div><div class=\"gb-container gb-container-2f9d5334\" id=\"Einleitung\"><div class=\"gb-inside-container\">\n\n<h3 class=\"gb-headline gb-headline-fbcd8c78 gb-headline-text\">Creado por la naturaleza &#8211; accesible a trav\u00e9s de ACPHIS<\/h3>\n\n\n\n<p class=\"gb-headline gb-headline-39faf9d1 gb-headline-text\">La naturaleza es una fuente casi inagotable de innovaci\u00f3n tecnol\u00f3gica e inspiraci\u00f3n para nuevos materiales y tecnolog\u00edas.  <br>La comprensi\u00f3n de los procesos biol\u00f3gicos, bioqu\u00edmicos y ecol\u00f3gicos es la clave que abre el camino a los sistemas de producci\u00f3n industrial sostenibles. <br><br>Nuestro objetivo es utilizar este conocimiento para sustituir las cadenas de suministro y los procesos de producci\u00f3n problem\u00e1ticos. Ofrecemos tecnolog\u00edas limpias y eficientes, procesos inteligentes y servicios para el abastecimiento, desarrollo y producci\u00f3n sostenibles de productos naturales.<\/p>\n\n<\/div><\/div><div class=\"gb-container gb-container-aeeac79f\" id=\"Dienstleistungen\"><div class=\"gb-inside-container\">\n<div class=\"gb-container gb-container-f989bdbf\"><div class=\"gb-inside-container\">\n\n<h4 class=\"gb-headline gb-headline-dc74cfa8\"><span class=\"gb-icon\"><svg xmlns=\"http:\/\/www.w3.org\/2000\/svg\" aria-hidden=\"true\" role=\"img\" height=\"1em\" width=\"1em\" viewbox=\"0 0 256 512\"><path fill=\"currentColor\" d=\"M224.3 273l-136 136c-9.4 9.4-24.6 9.4-33.9 0l-22.6-22.6c-9.4-9.4-9.4-24.6 0-33.9l96.4-96.4-96.4-96.4c-9.4-9.4-9.4-24.6 0-33.9L54.3 103c9.4-9.4 24.6-9.4 33.9 0l136 136c9.5 9.4 9.5 24.6.1 34z\"><\/path><\/svg><\/span><span class=\"gb-headline-text\">GESTI\u00d3N DE PROYECTOS Y CONSULTOR\u00cdA<\/span><\/h4>\n\n\n\n<p class=\"gb-headline gb-headline-a4fef82f gb-headline-text\">Con experiencia, conocimientos t\u00e9cnicos y una forma de pensar transdisciplinar y hol\u00edstica, apoyamos a nuestros socios y clientes en la consecuci\u00f3n de los objetivos de sus proyectos en torno a la obtenci\u00f3n y producci\u00f3n de biomasa y materiales naturales. Gestionamos los proyectos de forma orientada a las soluciones y los objetivos, desde la l\u00ednea celular hasta el polvo, desde la mesa de laboratorio hasta el mercado.<\/p>\n\n<\/div><\/div>\n\n<div class=\"gb-container gb-container-816ab67d\"><div class=\"gb-inside-container\">\n\n<h4 class=\"gb-headline gb-headline-1d943470\"><span class=\"gb-icon\"><svg xmlns=\"http:\/\/www.w3.org\/2000\/svg\" aria-hidden=\"true\" role=\"img\" height=\"1em\" width=\"1em\" viewbox=\"0 0 256 512\"><path fill=\"currentColor\" d=\"M224.3 273l-136 136c-9.4 9.4-24.6 9.4-33.9 0l-22.6-22.6c-9.4-9.4-9.4-24.6 0-33.9l96.4-96.4-96.4-96.4c-9.4-9.4-9.4-24.6 0-33.9L54.3 103c9.4-9.4 24.6-9.4 33.9 0l136 136c9.5 9.4 9.5 24.6.1 34z\"><\/path><\/svg><\/span><span class=\"gb-headline-text\">ASOCIACI\u00d3N E INNOVACI\u00d3N<\/span><\/h4>\n\n\n\n<p class=\"gb-headline gb-headline-357464dc gb-headline-text\">La innovaci\u00f3n comienza con una idea y se necesitan los socios adecuados para reconocer su potencial, romper las barreras del pensamiento y convertirla con \u00e9xito en aplicaciones pr\u00e1cticas.<br><br>Dentro de las \u00e1reas de innovaci\u00f3n definidas, colaboramos estrat\u00e9gicamente con los fabricantes, el mundo acad\u00e9mico, las empresas de biotecnolog\u00eda, los cient\u00edficos individuales y los empresarios para desarrollar y aplicar tecnolog\u00edas de vanguardia y capacidades de fabricaci\u00f3n para el desarrollo industrial y la producci\u00f3n de productos naturales. Junto con nuestros socios, marcamos la diferencia.<\/p>\n\n<\/div><\/div>\n\n<div class=\"gb-container gb-container-69ea0efe\"><div class=\"gb-inside-container\">\n\n<h4 class=\"gb-headline gb-headline-985e5673 gb-headline-text\">Tecnolog\u00edas de plataforma &#8211; \u00c1reas de inter\u00e9s<\/h4>\n\n\n\n<figure class=\"gb-block-image gb-block-image-4e3cc79c\"><img loading=\"lazy\" decoding=\"async\" width=\"1139\" height=\"919\" class=\"gb-image gb-image-4e3cc79c is-style-default\" src=\"https:\/\/acphis.com\/wp-content\/uploads\/acphis_p4l_partnering.png\" srcset=\"https:\/\/acphis.com\/wp-content\/uploads\/acphis_p4l_partnering.png 1139w, https:\/\/acphis.com\/wp-content\/uploads\/acphis_p4l_partnering-400x323.png 400w, https:\/\/acphis.com\/wp-content\/uploads\/acphis_p4l_partnering-768x620.png 768w\" sizes=\"(max-width: 1139px) 100vw, 1139px\" \/><\/figure>\n\n<\/div><\/div>\n\n<div class=\"gb-container gb-container-f068f9a1\"><div class=\"gb-inside-container\">\n\n<h4 class=\"gb-headline gb-headline-c7c1228d\"><span class=\"gb-icon\"><svg xmlns=\"http:\/\/www.w3.org\/2000\/svg\" aria-hidden=\"true\" role=\"img\" height=\"1em\" width=\"1em\" viewbox=\"0 0 256 512\"><path fill=\"currentColor\" d=\"M224.3 273l-136 136c-9.4 9.4-24.6 9.4-33.9 0l-22.6-22.6c-9.4-9.4-9.4-24.6 0-33.9l96.4-96.4-96.4-96.4c-9.4-9.4-9.4-24.6 0-33.9L54.3 103c9.4-9.4 24.6-9.4 33.9 0l136 136c9.5 9.4 9.5 24.6.1 34z\"><\/path><\/svg><\/span><span class=\"gb-headline-text\">TECNOLOG\u00cdAS DE PLATAFORMA<\/span><\/h4>\n\n\n\n<p class=\"gb-headline gb-headline-94a7496d gb-headline-text\">En estrecha colaboraci\u00f3n con nuestros socios, ofrecemos soluciones que permiten una producci\u00f3n eficiente y orientada a la demanda de productos naturales a escala industrial; \u00aba la carta\u00bb, con una productividad elevada y constante, de forma sostenible y sin afectar a la biodiversidad ni a los ecosistemas sensibles.<\/p>\n\n<\/div><\/div>\n\n<div class=\"gb-container gb-container-2f4cd287\"><div class=\"gb-inside-container\">\n\n<h4 class=\"gb-headline gb-headline-8babe22d\"><span class=\"gb-icon\"><svg xmlns=\"http:\/\/www.w3.org\/2000\/svg\" aria-hidden=\"true\" role=\"img\" height=\"1em\" width=\"1em\" viewbox=\"0 0 256 512\"><path fill=\"currentColor\" d=\"M224.3 273l-136 136c-9.4 9.4-24.6 9.4-33.9 0l-22.6-22.6c-9.4-9.4-9.4-24.6 0-33.9l96.4-96.4-96.4-96.4c-9.4-9.4-9.4-24.6 0-33.9L54.3 103c9.4-9.4 24.6-9.4 33.9 0l136 136c9.5 9.4 9.5 24.6.1 34z\"><\/path><\/svg><\/span><span class=\"gb-headline-text\">GESTI\u00d3N DE LA PRODUCCI\u00d3N Y DE LA CADENA DE SUMINISTRO<\/span><\/h4>\n\n\n\n<p class=\"gb-headline gb-headline-aa209e1e gb-headline-text\">Plan. Procura. Fabricaci\u00f3n. Entregar. Como fabricante virtual con muchos a\u00f1os de experiencia en el entorno empresarial internacional, aplicamos soluciones desarrolladas, gestionamos redes de producci\u00f3n integradas y cadenas de suministro. Nuestra oferta como proveedor integral de productos naturales se complementa con servicios de apoyo como la gesti\u00f3n de la calidad (ISO9001, GMP de la UE, GDP), asuntos regulatorios, EHAS.<\/p>\n\n<\/div><\/div>\n<\/div><\/div><div class=\"gb-container gb-container-87790bdf\" id=\"Kontaktieren\"><div class=\"gb-inside-container\">\n\n<h1 class=\"gb-headline gb-headline-71389b1d gb-headline-text\">Contacte con nosotros &#8230;<\/h1>\n\n\n<div class=\"gb-grid-wrapper gb-grid-wrapper-6e27b521\">\n<div class=\"gb-grid-column gb-grid-column-5a46d1ec\"><div class=\"gb-container gb-container-5a46d1ec\"><div class=\"gb-inside-container\">\n\n<p class=\"gb-headline gb-headline-45e7dd85 gb-headline-text\">&#8230; si su objetivo es sustituir los procesos existentes por procedimientos m\u00e1s eficientes y respetuosos con el medio ambiente<\/p>\n\n<\/div><\/div><\/div>\n\n<div class=\"gb-grid-column gb-grid-column-6fa71ceb\"><div class=\"gb-container gb-container-6fa71ceb\"><div class=\"gb-inside-container\">\n\n<p class=\"gb-headline gb-headline-e69c9efb gb-headline-text\">&#8230; cuando hay que proteger las cadenas de suministro contra los riesgos y se quiere contrarrestar retos como las malas cosechas, los efectos del cambio clim\u00e1tico, la escasez de recursos<\/p>\n\n<\/div><\/div><\/div>\n\n<div class=\"gb-grid-column gb-grid-column-f2f20df4\"><div class=\"gb-container gb-container-f2f20df4\"><div class=\"gb-inside-container\">\n\n<p class=\"gb-headline gb-headline-142923af gb-headline-text\">&#8230; Cuando se necesitan sustancias naturales procedentes de especies vegetales raras, dif\u00edciles de cultivar o protegidas.<\/p>\n\n<\/div><\/div><\/div>\n\n<div class=\"gb-grid-column gb-grid-column-af029f50\"><div class=\"gb-container gb-container-af029f50\"><div class=\"gb-inside-container\">\n\n<p class=\"gb-headline gb-headline-e22c4fc7 gb-headline-text\">&#8230; para acortar el tiempo de comercializaci\u00f3n y\/o garantizar una producci\u00f3n fiable de biomasa durante todo el a\u00f1o.<\/p>\n\n<\/div><\/div><\/div>\n\n<div class=\"gb-grid-column gb-grid-column-37343ac7\"><div class=\"gb-container gb-container-37343ac7\"><div class=\"gb-inside-container\">\n\n<p class=\"gb-headline gb-headline-2da4b26f gb-headline-text\">&#8230; cuando hay que gestionar proyectos complejos, desde la mesa de laboratorio hasta el mercado, desde la c\u00e9lula hasta el polvo<\/p>\n\n<\/div><\/div><\/div>\n\n<div class=\"gb-grid-column gb-grid-column-527e015d\"><div class=\"gb-container gb-container-527e015d\"><div class=\"gb-inside-container\">\n\n<p class=\"gb-headline gb-headline-81654760 gb-headline-text\">&#8230; si necesita un socio estrat\u00e9gico para el abastecimiento global de productos naturales<\/p>\n\n<\/div><\/div><\/div>\n\n<div class=\"gb-grid-column gb-grid-column-01c31fd5\"><div class=\"gb-container gb-container-01c31fd5\"><div class=\"gb-inside-container\">\n\n<p class=\"gb-headline gb-headline-45a97b6a gb-headline-text\">&#8230; cuando se enfrentan a cargas contaminantes y problemas de calidad de la biomasa: Metales pesados, pesticidas, toxinas&#8230;<\/p>\n\n<\/div><\/div><\/div>\n<\/div>\n\n\n<h2 class=\"gb-headline gb-headline-3841390f gb-headline-text\"><strong>\u00bfC\u00f3mo podemos apoyarle?<\/strong><\/h2>\n\n<\/div><\/div>","protected":false},"excerpt":{"rendered":"<p>efficient. clean technologies. Creado por la naturaleza &#8211; accesible a trav\u00e9s de ACPHIS La naturaleza es una fuente casi inagotable de innovaci\u00f3n tecnol\u00f3gica e inspiraci\u00f3n para nuevos materiales y tecnolog\u00edas. La comprensi\u00f3n de los procesos biol\u00f3gicos, bioqu\u00edmicos y ecol\u00f3gicos es la clave que abre el camino a los sistemas de producci\u00f3n industrial sostenibles. Nuestro objetivo &#8230; <a title=\"P4L &#8211; ES\" class=\"read-more\" href=\"https:\/\/acphis.com\/es\/p4l\/\" aria-label=\"Leer m\u00e1s sobre P4L &#8211; ES\">Leer m\u00e1s<\/a><\/p>\n","protected":false},"author":3,"featured_media":0,"parent":0,"menu_order":0,"comment_status":"closed","ping_status":"closed","template":"","meta":{"footnotes":""},"class_list":["post-2012","page","type-page","status-publish"],"_links":{"self":[{"href":"https:\/\/acphis.com\/es\/wp-json\/wp\/v2\/pages\/2012"}],"collection":[{"href":"https:\/\/acphis.com\/es\/wp-json\/wp\/v2\/pages"}],"about":[{"href":"https:\/\/acphis.com\/es\/wp-json\/wp\/v2\/types\/page"}],"author":[{"embeddable":true,"href":"https:\/\/acphis.com\/es\/wp-json\/wp\/v2\/users\/3"}],"replies":[{"embeddable":true,"href":"https:\/\/acphis.com\/es\/wp-json\/wp\/v2\/comments?post=2012"}],"version-history":[{"count":2,"href":"https:\/\/acphis.com\/es\/wp-json\/wp\/v2\/pages\/2012\/revisions"}],"predecessor-version":[{"id":2099,"href":"https:\/\/acphis.com\/es\/wp-json\/wp\/v2\/pages\/2012\/revisions\/2099"}],"wp:attachment":[{"href":"https:\/\/acphis.com\/es\/wp-json\/wp\/v2\/media?parent=2012"}],"curies":[{"name":"wp","href":"https:\/\/api.w.org\/{rel}","templated":true}]}}