{"id":2030,"date":"2022-05-12T13:56:45","date_gmt":"2022-05-12T11:56:45","guid":{"rendered":"http:\/\/192.168.55.111\/sandbox\/start-es\/"},"modified":"2022-06-30T17:41:35","modified_gmt":"2022-06-30T15:41:35","slug":"start","status":"publish","type":"page","link":"https:\/\/acphis.com\/es\/","title":{"rendered":"Start &#8211; ES"},"content":{"rendered":"<div class=\"gb-container gb-container-b3032254\" id=\"P4L\"><div class=\"gb-inside-container\">\n<div class=\"gb-grid-wrapper gb-grid-wrapper-411ff778\">\n<div class=\"gb-grid-column gb-grid-column-387b93e5\"><div class=\"gb-container gb-container-387b93e5\"><div class=\"gb-inside-container\">\n\n<figure class=\"gb-block-image gb-block-image-df17528f\"><img decoding=\"async\" class=\"gb-image gb-image-df17528f\" src=\"https:\/\/acphis.com\/wp-content\/uploads\/acphis_web_001.jpg\"><\/figure>\n\n<\/div><\/div><\/div>\n\n<div class=\"gb-grid-column gb-grid-column-69f754aa\"><div class=\"gb-container gb-container-69f754aa clickable-container\"><div class=\"gb-inside-container\">\n\n<h3 class=\"gb-headline gb-headline-fa513a56 gb-headline-text\"><a href=\"https:\/\/acphis.com\/es\/p4l\/\" data-type=\"page\" data-id=\"33\">Nuestros servicios<\/a><\/h3>\n\n\n\n<p class=\"gb-headline gb-headline-482fa138 gb-headline-text\">Ofrecemos tecnolog\u00edas limpias y eficientes, procesos inteligentes y servicios para el abastecimiento, desarrollo y producci\u00f3n sostenibles de productos naturales.<\/p>\n\n\n<div class=\"gb-container gb-container-150dbfd4\"><div class=\"gb-inside-container\">\n<div class=\"gb-container gb-container-06b110c7\"><div class=\"gb-inside-container\">\n<div class=\"gb-grid-wrapper gb-grid-wrapper-6c1b2f7c\">\n<div class=\"gb-grid-column gb-grid-column-0ef36d32\"><div class=\"gb-container gb-container-0ef36d32\"><div class=\"gb-inside-container\">\n\n<h6 class=\"gb-headline gb-headline-f863ad0c gb-headline-text\">Gesti\u00f3n de proyectos y consultor\u00eda<strong><mark class=\"gb-highlight\"><\/mark><\/strong><\/h6><p align=\"right\"><strong><\/strong><\/p>\n\n<\/div><\/div><\/div>\n\n<div class=\"gb-grid-column gb-grid-column-83eea7d4\"><div class=\"gb-container gb-container-83eea7d4\"><div class=\"gb-inside-container\">\n\n<h6 class=\"gb-headline gb-headline-7696da18 gb-headline-text\">\u2794<\/h6>\n\n<\/div><\/div><\/div>\n<\/div>\n<\/div><\/div>\n\n<div class=\"gb-container gb-container-d67a7756\"><div class=\"gb-inside-container\">\n<div class=\"gb-grid-wrapper gb-grid-wrapper-35779623\">\n<div class=\"gb-grid-column gb-grid-column-608bcc71\"><div class=\"gb-container gb-container-608bcc71\"><div class=\"gb-inside-container\">\n\n<h6 class=\"gb-headline gb-headline-2af28ee5 gb-headline-text\">Asociaci\u00f3n e innovaci\u00f3n<\/h6>\n\n<\/div><\/div><\/div>\n\n<div class=\"gb-grid-column gb-grid-column-acae8a7a\"><div class=\"gb-container gb-container-acae8a7a\"><div class=\"gb-inside-container\">\n\n<h6 class=\"gb-headline gb-headline-cce1872f gb-headline-text\">\u2794<\/h6>\n\n<\/div><\/div><\/div>\n<\/div>\n<\/div><\/div>\n\n<div class=\"gb-container gb-container-ffdfb331\"><div class=\"gb-inside-container\">\n<div class=\"gb-grid-wrapper gb-grid-wrapper-6b5abb87\">\n<div class=\"gb-grid-column gb-grid-column-892b15f8\"><div class=\"gb-container gb-container-892b15f8\"><div class=\"gb-inside-container\">\n\n<h6 class=\"gb-headline gb-headline-7a84e266 gb-headline-text\">Tecnolog\u00edas de plataforma<\/h6>\n\n<\/div><\/div><\/div>\n\n<div class=\"gb-grid-column gb-grid-column-a3e13bb2\"><div class=\"gb-container gb-container-a3e13bb2\"><div class=\"gb-inside-container\">\n\n<h6 class=\"gb-headline gb-headline-e0c78f0f gb-headline-text\">\u2794<\/h6>\n\n<\/div><\/div><\/div>\n<\/div>\n<\/div><\/div>\n\n<div class=\"gb-container gb-container-9940cc53\"><div class=\"gb-inside-container\">\n<div class=\"gb-grid-wrapper gb-grid-wrapper-33e65a9a\">\n<div class=\"gb-grid-column gb-grid-column-77407c7a\"><div class=\"gb-container gb-container-77407c7a\"><div class=\"gb-inside-container\">\n\n<h6 class=\"gb-headline gb-headline-0c6cc730 gb-headline-text\">Gesti\u00f3n de la producci\u00f3n y la cadena de suministro<\/h6>\n\n<\/div><\/div><\/div>\n\n<div class=\"gb-grid-column gb-grid-column-4e5c84b5\"><div class=\"gb-container gb-container-4e5c84b5\"><div class=\"gb-inside-container\">\n\n<h6 class=\"gb-headline gb-headline-bd3bea10 gb-headline-text\">\u2794<\/h6>\n\n<\/div><\/div><\/div>\n<\/div>\n<\/div><\/div>\n<\/div><\/div>\n<\/div><\/div><\/div>\n<\/div>\n<\/div><\/div><div class=\"gb-container gb-container-a3179273\" id=\"Phytopure\"><div class=\"gb-inside-container\">\n\n<h3 class=\"gb-headline gb-headline-50d2f063 gb-headline-text\">Productos de alta calidad<\/h3>\n\n\n\n<p class=\"gb-headline gb-headline-b195b888 gb-headline-text\">acphis es un proveedor de ingredientes de alta pureza y de base biol\u00f3gica que cumplen los<br>Los requisitos de calidad m\u00e1s estrictos de las ciencias de la vida y la alta tecnolog\u00eda<br>Correspondencia de la industria<\/p>\n\n\n\n<p class=\"gb-headline gb-headline-07117639 gb-headline-text\"><strong>&#8211; &nbsp; S\u00edntesis qu\u00edmica fina<br>&#8211; &nbsp; Formulaci\u00f3n farmac\u00e9utica<br>&#8211; &nbsp; Productos sanitarios<br>&#8211; &nbsp; Bioprocesos + Fermentaci\u00f3n<br>&#8211; &nbsp; Materiales de rendimiento<\/strong><\/p>\n\n\n<div class=\"gb-button-wrapper gb-button-wrapper-9e6901bf\">\n\n<a class=\"gb-button gb-button-b9f3d47a gb-button-text\" href=\"https:\/\/acphis.com\/es\/phytopure\/\">m\u00e1s<\/a>\n\n<\/div>\n<\/div><\/div><div class=\"gb-container gb-container-66586ec2\" id=\"unnamed\"><div class=\"gb-inside-container\">\n\n<h3 class=\"gb-headline gb-headline-af399433 gb-headline-text\">Suministramos sustancias naturales<br>y ofrecer servicios y soluciones para su  <br>Desarrollo y producci\u00f3n.<\/h3>\n\n\n<div class=\"gb-grid-wrapper gb-grid-wrapper-3ef5850e\">\n<div class=\"gb-grid-column gb-grid-column-ff351463\"><div class=\"gb-container gb-container-ff351463\"><div class=\"gb-inside-container\">\n\n<h1 class=\"gb-headline gb-headline-b24c3bdd\"><span class=\"gb-icon\"><svg width=\"170.779\" height=\"173.589\" viewbox=\"0 0 160.105 162.74\"><path transform=\"translate(-860.195 -431.723)\" d=\"M934.595 468.885c2.837.713 4.912 4.063 4.912 8.188 0 4.462-2.437 8.012-5.625 8.287-1.775 6.775-5.462 12.563-10.462 16.45l.825 7.05a3.929 3.929 0 0 0 1.687 2.775c.338.225.7.4 1.088.513l17.837 5.175M884.27 468.935c-2.763.788-4.763 4.075-4.763 8.138 0 4.462 2.438 8 5.613 8.287 1.787 6.763 5.475 12.563 10.462 16.45l-.812 7.05a3.889 3.889 0 0 1-1.688 2.775c-.325.225-.7.4-1.087.513l-17.775 5.15c-2.3.512-4.65 1.737-6.963 3.65a20.516 20.516 0 0 0-7.062 11.8v42.862c0 10.337 8.387 18.725 18.725 18.725h103.525M887.345 453.573c-3.763 5.512-3.075 15.362-3.075 15.362\" style=\"stroke-width:3.75;stroke-linecap:round;stroke-linejoin:round;stroke-miterlimit:10;stroke:#fff;fill:none\"><\/path><path transform=\"translate(-860.195 -431.723)\" d=\"m924.057 507.21-14.55 13.025-14.55-13.025M887.345 453.573c.087-11.175 9.512-17.55 18.325-18.713 2.162-.287 9.4-1.125 14.35-3.137l.05.062a3.792 3.792 0 0 1 .3 3.45h0c5.325 1.438 9.7.775 14.237-1.137.063 3.25.15 9.787-1.15 12.75-1.312 2.975-3.725 5.575-6.837 6.525-1.988.6-4.138.512-6.2.237-4.163-.55-8.2-1.787-12.325-2.587-4.125-.8-8.463-1.138-12.475.1\" style=\"stroke-width:3.75;stroke-linecap:round;stroke-linejoin:round;stroke-miterlimit:10;stroke:#fff;fill:none\"><\/path><path style=\"fill:#91a2be;stroke:#91a2be\" d=\"m42.713 94.875-7.238 29.3 13.837 12.763 13.85-12.762-7.236-29.301-6.614 7.262-6.6-7.262z\"><\/path><path transform=\"translate(-860.195 -431.723)\" d=\"M940.3 554.425h80M980.3 514.425v40.037M940.3 554.462c0-22.09 17.91-40.037 40-40.037 22.089 0 40 18.02 40 40.074\" style=\"stroke-width:3.5151608;stroke-linecap:round;stroke-linejoin:round;stroke-miterlimit:10;stroke:#fff;fill:none\"><\/path><path transform=\"translate(-860.195 -431.723)\" d=\"M972.16 519.975c-6.069 5.625-13.285 16.17-13.285 34.45M988.44 519.975c6.069 5.625 13.286 16.17 13.286 34.45\" style=\"stroke-width:3.5151608;stroke-linecap:round;stroke-linejoin:round;stroke-miterlimit:10;stroke:#fff;fill:none\"><\/path><path transform=\"translate(-860.195 -431.723)\" d=\"M980.3 537.256c-22.09 0-27.826-11.582-27.826-11.582M1008.127 525.674s-5.738 11.582-27.827 11.582M980.3 594.425v-40M1020.3 554.462c0 22.09-17.911 40-40 40-22.09 0-40-17.91-40-40\" style=\"stroke-width:3.5151608;stroke-linecap:round;stroke-linejoin:round;stroke-miterlimit:10;stroke:#fff;fill:none\"><\/path><path transform=\"translate(-860.195 -431.723)\" d=\"M989.81 587.58c5.735-5.92 11.916-16.207 11.916-33.118M970.79 587.542c-5.735-5.92-11.915-16.207-11.915-33.08\" style=\"stroke-width:3.5151608;stroke-linecap:round;stroke-linejoin:round;stroke-miterlimit:10;stroke:#fff;fill:none\"><\/path><path transform=\"translate(-860.195 -431.723)\" d=\"M1008.127 583.176s-5.738-11.581-27.827-11.581\" style=\"stroke-width:3.5151608;stroke-linecap:round;stroke-linejoin:round;stroke-miterlimit:10;stroke:#fff;fill:none\"><\/path><path transform=\"translate(-860.195 -431.723)\" d=\"M952.474 583.176s5.736-11.581 27.826-11.581\" style=\"stroke-width:3.5151608;stroke-linecap:round;stroke-linejoin:round;stroke-miterlimit:10;stroke:#fff;fill:none\"><\/path><\/svg><\/span><\/h1>\n\n\n\n<h6 class=\"gb-headline gb-headline-6f24f0b6 gb-headline-text\">Somos asesores<br>&#8212;&#8212;&#8212;&#8212;&#8212;<\/h6>\n\n\n\n<p class=\"gb-headline gb-headline-523d7673 gb-headline-text\">Analizamos la situaci\u00f3n mundial<br>Redes de suministro de productos naturales<br>con sus bienes, informaci\u00f3n-<br>y los flujos financieros,<br>Riesgos y valor<br>etapas de la creaci\u00f3n, identi-<br>optimizaci\u00f3n de la ficci\u00f3n<br>potenciales y elaborados<br>Alternativas.<\/p>\n\n<\/div><\/div><\/div>\n\n<div class=\"gb-grid-column gb-grid-column-7bb39088\"><div class=\"gb-container gb-container-7bb39088\"><div class=\"gb-inside-container\">\n\n<h1 class=\"gb-headline gb-headline-ee3598c2\"><span class=\"gb-icon\"><svg width=\"138.064\" height=\"169.794\" viewbox=\"0 0 129.435 159.182\"><path transform=\"translate(-280.997 -418.486)\" style=\"stroke:#fff;stroke-width:3.75000834;stroke-linecap:round;stroke-linejoin:round;stroke-miterlimit:10;fill:none\" d=\"M335.29 475.26c0 4.737 3.85 8.588 8.586 8.588h3.677c4.75 0 8.6-3.851 8.6-8.587v-1.396l-.121-4.722v-.08c0-2.939 1.14-5.783 3.22-7.863a19.134 19.134 0 0 0 5.702-13.645c0-11.069-9.365-19.964-20.595-19.186-9.391.644-17.025 8.184-17.804 17.55a19.224 19.224 0 0 0 5.461 15.12c2.12 2.16 3.394 5.005 3.394 8.037v.067h10.304\"><\/path><path transform=\"translate(-280.997 -418.486)\" style=\"stroke:#fff;stroke-width:3.75000095;stroke-linecap:round;stroke-linejoin:round;stroke-miterlimit:10;fill:none\" d=\"M374.644 446.675h11.215\"><\/path><path transform=\"translate(-280.997 -418.486)\" style=\"stroke:#fff;stroke-width:3.74999928;stroke-linecap:round;stroke-linejoin:round;stroke-miterlimit:10;fill:none\" d=\"m374.652 455.517 10.25 5.348M374.652 437.834l10.25-5.347\"><\/path><path transform=\"translate(-280.997 -418.486)\" style=\"stroke:#fff;stroke-width:3.75000238;stroke-linecap:round;stroke-linejoin:round;stroke-miterlimit:10;fill:none\" d=\"M316.115 446.67H304.9M316.115 455.51l-10.257 5.352M316.115 437.841l-10.257-5.351\"><\/path><path transform=\"translate(-280.997 -418.486)\" style=\"stroke:#fff;stroke-width:3.75001812;stroke-linecap:round;stroke-linejoin:round;stroke-miterlimit:10;fill:none\" d=\"M353.217 498.533h55.34v4.31c0 5.433-4.407 9.826-9.84 9.826h-45.5\"><\/path><path transform=\"translate(-280.997 -418.486)\" style=\"stroke:#fff;stroke-width:3.74998927;stroke-linecap:round;stroke-linejoin:round;stroke-miterlimit:10;fill:none\" d=\"M338.202 512.687h-45.497a9.83 9.83 0 0 1-9.833-9.834v-4.307h55.33\"><\/path><path transform=\"translate(-280.997 -418.486)\" style=\"stroke:#fff;stroke-width:3.75000548;stroke-linecap:round;stroke-linejoin:round;stroke-miterlimit:10;fill:none\" d=\"M399.979 498.538v-74.483a3.697 3.697 0 0 0-3.694-3.695h-101.12a3.688 3.688 0 0 0-3.694 3.695v74.483\"><\/path><path transform=\"translate(-280.997 -418.486)\" style=\"stroke:#fff;stroke-width:3.75002146;stroke-linecap:round;stroke-linejoin:round;stroke-miterlimit:10;fill:none\" d=\"M345.72 512.667v10.626c0 5.04-4.083 9.136-9.123 9.136h-35.361a9.135 9.135 0 0 0-9.136 9.136v9.469\"><\/path><path transform=\"translate(-280.997 -418.486)\" style=\"stroke:#fff;stroke-width:3.74998164;stroke-linecap:round;stroke-linejoin:round;stroke-miterlimit:10;fill:none\" d=\"M345.702 483.859v39.438a9.137 9.137 0 0 0 9.144 9.144h35.35a9.131 9.131 0 0 1 9.13 9.13v9.472\"><\/path><path transform=\"translate(-280.997 -418.486)\" style=\"fill:#c3b5a5\" d=\"M375.483 559.346h-10.48a3.908 3.908 0 0 0-3.916 3.903v10.494a3.92 3.92 0 0 0 3.916 3.916h10.48a3.92 3.92 0 0 0 3.917-3.916v-10.494a3.908 3.908 0 0 0-3.917-3.903\"><\/path><path transform=\"translate(-280.997 -418.486)\" style=\"fill:#91a2be\" d=\"M404.582 559.344h-10.496a3.913 3.913 0 0 0-3.913 3.913v10.496a3.913 3.913 0 0 0 3.913 3.913h10.496a3.913 3.913 0 0 0 3.913-3.913v-10.496a3.913 3.913 0 0 0-3.913-3.913\"><\/path><path transform=\"translate(-280.997 -418.486)\" style=\"fill:#c3b5a5\" d=\"M297.334 559.34h-10.486a3.916 3.916 0 0 0-3.92 3.92v10.5a3.914 3.914 0 0 0 3.92 3.907h10.486a3.91 3.91 0 0 0 3.907-3.907v-10.5a3.914 3.914 0 0 0-3.907-3.92\"><\/path><path transform=\"translate(-280.997 -418.486)\" style=\"fill:#91a2be\" d=\"M326.449 559.337h-10.511a3.917 3.917 0 0 0-3.909 3.909v10.497a3.908 3.908 0 0 0 3.909 3.909h10.51a3.908 3.908 0 0 0 3.91-3.909v-10.497a3.917 3.917 0 0 0-3.91-3.909\"><\/path><path transform=\"translate(-280.997 -418.486)\" style=\"stroke:#fff;stroke-width:3.75000072;stroke-linecap:round;stroke-linejoin:round;stroke-miterlimit:10;fill:none\" d=\"M370.252 532.425v18.614\"><\/path><path transform=\"translate(-280.997 -418.486)\" style=\"stroke:#fff;stroke-width:3.74999928;stroke-linecap:round;stroke-linejoin:round;stroke-miterlimit:10;fill:none\" d=\"M321.189 532.43v18.606\"><\/path><\/svg><\/span><\/h1>\n\n\n\n<h6 class=\"gb-headline gb-headline-27c2b8ab gb-headline-text\">Somos facilitadores<br>&#8212;&#8212;&#8212;&#8212;&#8212;<\/h6>\n\n\n\n<p class=\"gb-headline gb-headline-9f9df8fc gb-headline-text\">Aportamos la tecnolog\u00eda&#8230;<br>nolog\u00edas y recursos<br>nuestros socios y clientes<br>perfectamente juntos &#8211; con<br>el objetivo de promover el desarrollo<br>y la producci\u00f3n de<br>Materiales naturales sostenibles<br>mejorar y<br>Resolver problemas.<\/p>\n\n<\/div><\/div><\/div>\n\n<div class=\"gb-grid-column gb-grid-column-15afb7b2\"><div class=\"gb-container gb-container-15afb7b2\"><div class=\"gb-inside-container\">\n\n<h1 class=\"gb-headline gb-headline-35cb7959\"><span class=\"gb-icon\"><svg viewbox=\"0 0 149.465 150.404\" height=\"160.431\" width=\"159.43\"><path transform=\"translate(-182.41 -448.589)\" d=\"m257.14 597.109-63.27-22.22v-81.358\" style=\"fill:none;stroke:#fff;stroke-width:3.7500031;stroke-linecap:round;stroke-linejoin:round;stroke-miterlimit:10\"><\/path><path transform=\"translate(-182.41 -448.589)\" d=\"m193.856 493.538 33.842 11.886\" style=\"fill:none;stroke:#fff;stroke-width:3.74998927;stroke-linecap:round;stroke-linejoin:round;stroke-miterlimit:10\"><\/path><path transform=\"translate(-182.41 -448.589)\" d=\"M257.133 546.963v50.15l63.271-22.224v-81.35M320.404 493.54l-33.842 11.88\" style=\"fill:none;stroke:#fff;stroke-width:3.74998021;stroke-linecap:round;stroke-linejoin:round;stroke-miterlimit:10\"><\/path><path transform=\"translate(-182.41 -448.589)\" d=\"m193.861 493.54 49.672-12.707 13.6-3.487 63.271 16.194\" style=\"fill:none;stroke:#fff;stroke-width:3.74998021;stroke-linecap:round;stroke-linejoin:round;stroke-miterlimit:10\"><\/path><path transform=\"translate(-182.41 -448.589)\" d=\"M280.449 515.75c0 12.86-10.435 23.295-23.296 23.295-12.86 0-23.295-10.435-23.295-23.296 0-12.86 10.435-23.295 23.295-23.295 12.86 0 23.296 10.435 23.296 23.295z\" style=\"fill:none;stroke:#fff;stroke-width:3.75001049;stroke-linecap:round;stroke-linejoin:round;stroke-miterlimit:10\"><\/path><path transform=\"translate(-182.41 -448.589)\" d=\"M257.14 532.129v-20.67\" style=\"fill:none;stroke:#fff;stroke-width:3.7500031;stroke-linecap:round;stroke-linejoin:round;stroke-miterlimit:10\"><\/path><path transform=\"translate(-182.41 -448.589)\" d=\"m250.517 508.74 6.632-6.65 6.633 6.617\" style=\"fill:none;stroke:#fff;stroke-width:3.75000978;stroke-linecap:round;stroke-linejoin:round;stroke-miterlimit:10\"><\/path><path transform=\"translate(-182.41 -448.589)\" d=\"m193.87 493.531-9.585-26.867 63.27-16.2 9.585 26.882\" style=\"fill:none;stroke:#fff;stroke-width:3.7500031;stroke-linecap:round;stroke-linejoin:round;stroke-miterlimit:10\"><\/path><path transform=\"translate(-182.41 -448.589)\" d=\"M320.416 493.535 330 466.654l-63.265-16.185-5.025 14.062\" style=\"fill:none;stroke:#fff;stroke-width:3.74999189;stroke-linecap:round;stroke-linejoin:round;stroke-miterlimit:10\"><\/path><path transform=\"translate(-182.41 -448.589)\" d=\"M312.906 534.573a88.18 88.18 0 0 1-32.462 46.155l-.643.478 33.105-11.633v-35M200.745 534.562a88.212 88.212 0 0 0 32.466 46.157l.64.48-33.106-11.627v-35.01\" style=\"fill:#c3b5a5\"><\/path><\/svg><\/span><\/h1>\n\n\n\n<h6 class=\"gb-headline gb-headline-0f2bbdeb gb-headline-text\">Somos un integrador<br>&#8212;&#8212;&#8212;&#8212;&#8212;<\/h6>\n\n\n\n<p class=\"gb-headline gb-headline-09b36a64 gb-headline-text\">Como<br>\u00abCDMO virtual\u00bb,<br>proyectamos el<br>  Desarrollo del proceso<br>a partir de sustancias naturales<br>y gestionar<br>Entrega y<br>Redes de producci\u00f3n  <br>para la producci\u00f3n de sustancias naturales.<\/p>\n\n<\/div><\/div><\/div>\n\n<div class=\"gb-grid-column gb-grid-column-c43dcf6c\"><div class=\"gb-container gb-container-c43dcf6c\"><div class=\"gb-inside-container\">\n\n<h1 class=\"gb-headline gb-headline-500c698b\"><span class=\"gb-icon\"><svg viewbox=\"0 0 147.664 148.514\" height=\"158.415\" width=\"157.508\"><path transform=\"translate(-180.454 -543.82)\" d=\"M299.891 581.934c10.738 12.087 15.138 26.162 15.138 42.175 0 36.637-29.713 66.35-66.35 66.35-36.65 0-66.35-29.713-66.35-66.35 0-36.65 29.7-66.35 66.35-66.35 15.587 0 30.412 4.9 41.637 14.712\" style=\"fill:none;stroke:#fff;stroke-width:3.75;stroke-linecap:round;stroke-linejoin:round;stroke-miterlimit:10\"><\/path><path transform=\"translate(-180.454 -543.82)\" d=\"M279.491 602.546c3.925 3.8 6.8 13.688 6.8 21.563 0 20.775-16.837 37.612-37.612 37.612-20.775 0-37.625-16.837-37.625-37.612 0-20.775 16.85-37.625 37.625-37.625 7.562 0 15.775 2.15 21.25 6.587M306.504 565.384v-13.1M299.816 571.609v-13.1M313.279 558.834V545.72M306.554 565.446h13.112M300.329 572.134h13.112M313.116 558.659h13.1\" style=\"fill:none;stroke:#fff;stroke-width:3.75;stroke-linecap:round;stroke-linejoin:round;stroke-miterlimit:10\"><\/path><path transform=\"translate(-180.454 -543.82)\" d=\"M261.154 624.109c0 6.887-5.588 12.475-12.475 12.475-6.9 0-12.475-5.588-12.475-12.475 0-6.888 5.575-12.475 12.475-12.475l.625.012-.625 12.463 64.6-65.275\" style=\"fill:none;stroke:#fff;stroke-width:3.75;stroke-linecap:round;stroke-linejoin:round;stroke-miterlimit:10\"><\/path><path transform=\"translate(-180.454 -543.82)\" d=\"M189.829 624.109c0 32.45 26.4 58.85 58.85 58.85 28.162 0 51.762-19.9 57.5-46.375h-14.15c-5.438 18.825-22.8 32.637-43.35 32.637-24.875 0-45.125-20.237-45.125-45.112 0-24.875 20.25-45.125 45.125-45.125v-13.725c-32.45 0-58.85 26.4-58.85 58.85\" style=\"fill:#91a2be\"><\/path><\/svg><\/span><\/h1>\n\n\n\n<h6 class=\"gb-headline gb-headline-3a8377a2 gb-headline-text\">Somos innovadores<br>&#8212;&#8212;&#8212;&#8212;&#8212;<\/h6>\n\n\n\n<p class=\"gb-headline gb-headline-445081f9 gb-headline-text\">Proporcionamos<br>transiciones fluidas<br>entre la biotecnolog\u00eda<br>gico, biol\u00f3gico-<br>y qu\u00edmicos<br>Procesos y desarrollo<br>innovador integrado<br>Bioprocesos y<br>Conceptos de log\u00edstica.<\/p>\n\n<\/div><\/div><\/div>\n<\/div>\n<\/div><\/div><div class=\"gb-container gb-container-e82280b9\" id=\"Company\"><div class=\"gb-inside-container\">\n<div class=\"gb-grid-wrapper gb-grid-wrapper-b7adfb1e\">\n<div class=\"gb-grid-column gb-grid-column-aa136ed4\"><div class=\"gb-container gb-container-aa136ed4 clickable-container\"><div class=\"gb-inside-container\">\n\n<h3 class=\"gb-headline gb-headline-7dfede15 gb-headline-text\">La empresa<\/h3>\n\n\n\n<p class=\"gb-headline gb-headline-2b6bd21b gb-headline-text\"><strong>acphis se fund\u00f3 en 2011. Ofrecemos un enfoque \u00fanico e integrado para el abastecimiento y la fabricaci\u00f3n de principios activos naturales e ingredientes funcionales para la industria de las ciencias de la vida.<\/strong><\/p>\n\n\n\n<p class=\"gb-headline gb-headline-2b2fa5ec gb-headline-text\">Nuestra ubicaci\u00f3n en la regi\u00f3n metropolitana de Hamburgo nos proporciona una ventajosa infraestructura log\u00edstica y una excelente accesibilidad a los mercados internacionales.<\/p>\n\n\n<div class=\"gb-button-wrapper gb-button-wrapper-93de4f25\">\n\n<a class=\"gb-button gb-button-a59e3081 gb-button-text\" href=\"https:\/\/acphis.com\/es\/company\/\">m\u00e1s<\/a>\n\n<\/div>\n<\/div><\/div><\/div>\n\n<div class=\"gb-grid-column gb-grid-column-26fb5fe8\"><div class=\"gb-container gb-container-26fb5fe8\"><div class=\"gb-inside-container\">\n\n<figure class=\"gb-block-image gb-block-image-6da343c4\"><img loading=\"lazy\" decoding=\"async\" width=\"988\" height=\"741\" class=\"gb-image gb-image-6da343c4\" src=\"https:\/\/acphis.com\/wp-content\/uploads\/acphis_web_003.jpg\" srcset=\"https:\/\/acphis.com\/wp-content\/uploads\/acphis_web_003.jpg 988w, https:\/\/acphis.com\/wp-content\/uploads\/acphis_web_003-400x300.jpg 400w, https:\/\/acphis.com\/wp-content\/uploads\/acphis_web_003-768x576.jpg 768w\" sizes=\"(max-width: 988px) 100vw, 988px\" \/><\/figure>\n\n<\/div><\/div><\/div>\n<\/div>\n<\/div><\/div>","protected":false},"excerpt":{"rendered":"<p>Productos de alta calidad acphis es un proveedor de ingredientes de alta pureza y de base biol\u00f3gica que cumplen losLos requisitos de calidad m\u00e1s estrictos de las ciencias de la vida y la alta tecnolog\u00edaCorrespondencia de la industria &#8211; &nbsp; S\u00edntesis qu\u00edmica fina&#8211; &nbsp; Formulaci\u00f3n farmac\u00e9utica&#8211; &nbsp; Productos sanitarios&#8211; &nbsp; Bioprocesos + Fermentaci\u00f3n&#8211; &nbsp; Materiales &#8230; <a title=\"Start &#8211; ES\" class=\"read-more\" href=\"https:\/\/acphis.com\/es\/\" aria-label=\"Leer m\u00e1s sobre Start &#8211; ES\">Leer m\u00e1s<\/a><\/p>\n","protected":false},"author":3,"featured_media":0,"parent":0,"menu_order":0,"comment_status":"closed","ping_status":"closed","template":"","meta":{"footnotes":""},"class_list":["post-2030","page","type-page","status-publish"],"_links":{"self":[{"href":"https:\/\/acphis.com\/es\/wp-json\/wp\/v2\/pages\/2030"}],"collection":[{"href":"https:\/\/acphis.com\/es\/wp-json\/wp\/v2\/pages"}],"about":[{"href":"https:\/\/acphis.com\/es\/wp-json\/wp\/v2\/types\/page"}],"author":[{"embeddable":true,"href":"https:\/\/acphis.com\/es\/wp-json\/wp\/v2\/users\/3"}],"replies":[{"embeddable":true,"href":"https:\/\/acphis.com\/es\/wp-json\/wp\/v2\/comments?post=2030"}],"version-history":[{"count":2,"href":"https:\/\/acphis.com\/es\/wp-json\/wp\/v2\/pages\/2030\/revisions"}],"predecessor-version":[{"id":2092,"href":"https:\/\/acphis.com\/es\/wp-json\/wp\/v2\/pages\/2030\/revisions\/2092"}],"wp:attachment":[{"href":"https:\/\/acphis.com\/es\/wp-json\/wp\/v2\/media?parent=2030"}],"curies":[{"name":"wp","href":"https:\/\/api.w.org\/{rel}","templated":true}]}}